{"id":2019,"date":"2021-07-27T09:48:25","date_gmt":"2021-07-27T07:48:25","guid":{"rendered":"https:\/\/www.artecogroup.com\/?page_id=2019"},"modified":"2021-07-29T10:52:17","modified_gmt":"2021-07-29T08:52:17","slug":"homepage","status":"publish","type":"page","link":"https:\/\/www.artecogroup.com\/fr\/","title":{"rendered":"Homepage"},"content":{"rendered":"\n<div class=\"wp-block-themepunch-revslider revslider\" data-modal=\"false\" data-slidertitle=\"Slider home FR\" style=\"\">\n\t\t\t<!-- START Slider home FR REVOLUTION SLIDER 6.6.18 --><p class=\"rs-p-wp-fix\"><\/p>\n\t\t\t<rs-module-wrap id=\"rev_slider_5_1_wrapper\" data-source=\"gallery\" style=\"visibility:hidden;background:transparent;padding:0;\">\n\t\t\t\t<rs-module id=\"rev_slider_5_1\" style=\"\" data-version=\"6.6.18\">\n\t\t\t\t\t<rs-slides style=\"overflow: hidden; position: absolute;\">\n\t\t\t\t\t\t<rs-slide style=\"position: absolute;\" data-key=\"rs-5\" data-title=\"Slide\" data-anim=\"adpr:false;\" data-in=\"o:0;\" data-out=\"a:false;\">\n\t\t\t\t\t\t\t<img decoding=\"async\" src=\"\/\/www.artecogroup.com\/wp-content\/plugins\/revslider\/public\/assets\/assets\/dummy.png\" alt=\"\" title=\"Code &#8211; 10-2\" width=\"2560\" height=\"1573\" class=\"rev-slidebg tp-rs-img rs-lazyload\" data-lazyload=\"\/\/www.artecogroup.com\/wp-content\/uploads\/2025\/10\/Code-10-2-scaled.jpg\" data-bg=\"p:left bottom;\" data-no-retina>\n<!--\n\t\t\t\t\t\t\t--><h1\n\t\t\t\t\t\t\t\tid=\"slider-5-slide-5-layer-0\" \n\t\t\t\t\t\t\t\tclass=\"rs-layer\"\n\t\t\t\t\t\t\t\tdata-type=\"text\"\n\t\t\t\t\t\t\t\tdata-color=\"rgba(255, 255, 255, 0.4)\"\n\t\t\t\t\t\t\t\tdata-rsp_ch=\"on\"\n\t\t\t\t\t\t\t\tdata-xy=\"x:r,c,c,c;xo:40px,0,0,0;y:b;yo:20px,30px,40px,31px;\"\n\t\t\t\t\t\t\t\tdata-text=\"w:normal;s:42,52,52,32;l:50,50,50,32;ls:10px;fw:700;\"\n\t\t\t\t\t\t\t\tdata-dim=\"w:885px,952px,737px,434px;\"\n\t\t\t\t\t\t\t\tdata-basealign=\"slide\"\n\t\t\t\t\t\t\t\tdata-frame_999=\"o:0;st:w;\"\n\t\t\t\t\t\t\t\tstyle=\"z-index:9;font-family:'Mulish';\"\n\t\t\t\t\t\t\t>Une collection moderne et minimaliste, pens\u00e9e pour insuffler \u00e9nergie et vitalit\u00e9 \u00e0 chaque espace \n\t\t\t\t\t\t\t<\/h1><!--\n\n\t\t\t\t\t\t\t--><rs-layer\n\t\t\t\t\t\t\t\tid=\"slider-5-slide-5-layer-1\" \n\t\t\t\t\t\t\t\tdata-type=\"image\"\n\t\t\t\t\t\t\t\tdata-rsp_ch=\"on\"\n\t\t\t\t\t\t\t\tdata-xy=\"xo:50px,41px,31px,-360px;yo:50px,41px,31px,-21px;\"\n\t\t\t\t\t\t\t\tdata-text=\"w:normal;s:20,16,12,7;l:0,20,15,9;\"\n\t\t\t\t\t\t\t\tdata-dim=\"w:300px,247px,187px,1401px;h:184px,151px,114px,805px;\"\n\t\t\t\t\t\t\t\tdata-vbility=\"f,f,f,t\"\n\t\t\t\t\t\t\t\tdata-frame_999=\"o:0;st:w;\"\n\t\t\t\t\t\t\t\tstyle=\"z-index:6;\"\n\t\t\t\t\t\t\t><img decoding=\"async\" src=\"\/\/www.artecogroup.com\/wp-content\/plugins\/revslider\/public\/assets\/assets\/dummy.png\" alt=\"\" class=\"tp-rs-img rs-lazyload\" width=\"2560\" height=\"1573\" data-lazyload=\"\/\/www.artecogroup.com\/wp-content\/uploads\/2025\/10\/Code-10-2-scaled.jpg\" data-no-retina> \n\t\t\t\t\t\t\t<\/rs-layer><!--\n-->\t\t\t\t\t\t<\/rs-slide>\n\t\t\t\t\t\t<rs-slide style=\"position: absolute;\" data-key=\"rs-21\" data-title=\"Slide\" data-anim=\"adpr:false;\" data-in=\"o:0;\" data-out=\"a:false;\">\n\t\t\t\t\t\t\t<img decoding=\"async\" src=\"\/\/www.artecogroup.com\/wp-content\/plugins\/revslider\/public\/assets\/assets\/dummy.png\" alt=\"\" title=\"Code &#8211; 01\" width=\"2560\" height=\"1517\" class=\"rev-slidebg tp-rs-img rs-lazyload\" data-lazyload=\"\/\/www.artecogroup.com\/wp-content\/uploads\/2025\/10\/Code-01-scaled.jpg\" data-bg=\"p:left bottom;\" data-no-retina>\n<!--\n\t\t\t\t\t\t\t--><h1\n\t\t\t\t\t\t\t\tid=\"slider-5-slide-21-layer-0\" \n\t\t\t\t\t\t\t\tclass=\"rs-layer\"\n\t\t\t\t\t\t\t\tdata-type=\"text\"\n\t\t\t\t\t\t\t\tdata-rsp_ch=\"on\"\n\t\t\t\t\t\t\t\tdata-xy=\"x:r,c,c,c;xo:40px,0,0,0;y:b;yo:20px,30px,40px,31px;\"\n\t\t\t\t\t\t\t\tdata-text=\"w:normal;s:42,52,52,32;l:50,50,50,32;ls:10px;fw:700;\"\n\t\t\t\t\t\t\t\tdata-dim=\"w:1069px,952px,737px,434px;\"\n\t\t\t\t\t\t\t\tdata-basealign=\"slide\"\n\t\t\t\t\t\t\t\tdata-frame_999=\"o:0;st:w;\"\n\t\t\t\t\t\t\t\tstyle=\"z-index:7;font-family:'Mulish';\"\n\t\t\t\t\t\t\t>Plateaux encastr\u00e9s \u00e0 fleur de structure, g\u00e9om\u00e9tries essentielles et formes minimales pour un environnement \u00e9quilibr\u00e9 et moderne \n\t\t\t\t\t\t\t<\/h1><!--\n\n\t\t\t\t\t\t\t--><rs-layer\n\t\t\t\t\t\t\t\tid=\"slider-5-slide-21-layer-1\" \n\t\t\t\t\t\t\t\tdata-type=\"image\"\n\t\t\t\t\t\t\t\tdata-rsp_ch=\"on\"\n\t\t\t\t\t\t\t\tdata-xy=\"xo:50px,41px,31px,-195px;yo:50px,41px,31px,-21px;\"\n\t\t\t\t\t\t\t\tdata-text=\"w:normal;s:20,16,12,7;l:0,20,15,9;\"\n\t\t\t\t\t\t\t\tdata-dim=\"w:300px,247px,187px,1401px;h:178px,146px,110px,805px;\"\n\t\t\t\t\t\t\t\tdata-vbility=\"f,f,f,t\"\n\t\t\t\t\t\t\t\tdata-frame_999=\"o:0;st:w;\"\n\t\t\t\t\t\t\t\tstyle=\"z-index:6;\"\n\t\t\t\t\t\t\t><img decoding=\"async\" src=\"\/\/www.artecogroup.com\/wp-content\/plugins\/revslider\/public\/assets\/assets\/dummy.png\" alt=\"\" class=\"tp-rs-img rs-lazyload\" width=\"2560\" height=\"1517\" data-lazyload=\"\/\/www.artecogroup.com\/wp-content\/uploads\/2025\/10\/Code-01-scaled.jpg\" data-no-retina> \n\t\t\t\t\t\t\t<\/rs-layer><!--\n-->\t\t\t\t\t\t<\/rs-slide>\n\t\t\t\t\t\t<rs-slide style=\"position: absolute;\" data-key=\"rs-22\" data-title=\"Slide\" data-anim=\"adpr:false;\" data-in=\"o:0;\" data-out=\"a:false;\">\n\t\t\t\t\t\t\t<img decoding=\"async\" src=\"\/\/www.artecogroup.com\/wp-content\/plugins\/revslider\/public\/assets\/assets\/dummy.png\" alt=\"\" title=\"Code &#8211; 24\" width=\"2560\" height=\"1517\" class=\"rev-slidebg tp-rs-img rs-lazyload\" data-lazyload=\"\/\/www.artecogroup.com\/wp-content\/uploads\/2025\/10\/Code-24-scaled.jpg\" data-bg=\"p:left bottom;\" data-no-retina>\n<!--\n\t\t\t\t\t\t\t--><h1\n\t\t\t\t\t\t\t\tid=\"slider-5-slide-22-layer-0\" \n\t\t\t\t\t\t\t\tclass=\"rs-layer\"\n\t\t\t\t\t\t\t\tdata-type=\"text\"\n\t\t\t\t\t\t\t\tdata-rsp_ch=\"on\"\n\t\t\t\t\t\t\t\tdata-xy=\"x:r,c,c,c;xo:40px,0,0,0;y:b;yo:20px,30px,40px,31px;\"\n\t\t\t\t\t\t\t\tdata-text=\"w:normal;s:42,52,52,32;l:50,50,50,32;ls:10px;fw:700;\"\n\t\t\t\t\t\t\t\tdata-dim=\"w:839px,952px,737px,434px;\"\n\t\t\t\t\t\t\t\tdata-basealign=\"slide\"\n\t\t\t\t\t\t\t\tdata-frame_999=\"o:0;st:w;\"\n\t\t\t\t\t\t\t\tstyle=\"z-index:7;font-family:'Mulish';\"\n\t\t\t\t\t\t\t>Tables de r\u00e9union \u00e9l\u00e9gantes et modernes pour sublimer votre salle de r\u00e9union \n\t\t\t\t\t\t\t<\/h1><!--\n\n\t\t\t\t\t\t\t--><rs-layer\n\t\t\t\t\t\t\t\tid=\"slider-5-slide-22-layer-1\" \n\t\t\t\t\t\t\t\tdata-type=\"image\"\n\t\t\t\t\t\t\t\tdata-rsp_ch=\"on\"\n\t\t\t\t\t\t\t\tdata-xy=\"xo:50px,41px,31px,-446px;yo:50px,41px,31px,-21px;\"\n\t\t\t\t\t\t\t\tdata-text=\"w:normal;s:20,16,12,7;l:0,20,15,9;\"\n\t\t\t\t\t\t\t\tdata-dim=\"w:300px,247px,187px,1401px;h:178px,146px,110px,805px;\"\n\t\t\t\t\t\t\t\tdata-vbility=\"f,f,f,t\"\n\t\t\t\t\t\t\t\tdata-frame_999=\"o:0;st:w;\"\n\t\t\t\t\t\t\t\tstyle=\"z-index:6;\"\n\t\t\t\t\t\t\t><img decoding=\"async\" src=\"\/\/www.artecogroup.com\/wp-content\/plugins\/revslider\/public\/assets\/assets\/dummy.png\" alt=\"\" class=\"tp-rs-img rs-lazyload\" width=\"2560\" height=\"1517\" data-lazyload=\"\/\/www.artecogroup.com\/wp-content\/uploads\/2025\/10\/Code-24-scaled.jpg\" data-no-retina> \n\t\t\t\t\t\t\t<\/rs-layer><!--\n-->\t\t\t\t\t\t<\/rs-slide>\n\t\t\t\t\t\t<rs-slide style=\"position: absolute;\" data-key=\"rs-15\" data-title=\"Slide\" data-anim=\"adpr:false;\" data-in=\"o:0;\" data-out=\"a:false;\">\n\t\t\t\t\t\t\t<img decoding=\"async\" src=\"\/\/www.artecogroup.com\/wp-content\/plugins\/revslider\/public\/assets\/assets\/dummy.png\" alt=\"\" title=\"Shape &#8211; 06\" width=\"2560\" height=\"1517\" class=\"rev-slidebg tp-rs-img rs-lazyload\" data-lazyload=\"\/\/www.artecogroup.com\/wp-content\/uploads\/2025\/10\/Shape-06-4-scaled.jpg\" data-bg=\"p:left bottom;\" data-no-retina>\n<!--\n\t\t\t\t\t\t\t--><h1\n\t\t\t\t\t\t\t\tid=\"slider-5-slide-15-layer-0\" \n\t\t\t\t\t\t\t\tclass=\"rs-layer\"\n\t\t\t\t\t\t\t\tdata-type=\"text\"\n\t\t\t\t\t\t\t\tdata-rsp_ch=\"on\"\n\t\t\t\t\t\t\t\tdata-xy=\"x:r,c,c,c;xo:40px,0,0,0;y:b;yo:20px,30px,40px,31px;\"\n\t\t\t\t\t\t\t\tdata-text=\"w:normal;s:42,52,52,32;l:50,50,50,32;ls:10px;fw:700;\"\n\t\t\t\t\t\t\t\tdata-dim=\"w:839px,952px,737px,434px;\"\n\t\t\t\t\t\t\t\tdata-basealign=\"slide\"\n\t\t\t\t\t\t\t\tdata-frame_999=\"o:0;st:w;\"\n\t\t\t\t\t\t\t\tstyle=\"z-index:7;font-family:'Mulish';\"\n\t\t\t\t\t\t\t>Des lignes \u00e9l\u00e9gantes et harmonieuses qui apportent une touche d\u2019exclusivit\u00e9 \u00e0 votre espace de direction \n\t\t\t\t\t\t\t<\/h1><!--\n\n\t\t\t\t\t\t\t--><rs-layer\n\t\t\t\t\t\t\t\tid=\"slider-5-slide-15-layer-1\" \n\t\t\t\t\t\t\t\tdata-type=\"image\"\n\t\t\t\t\t\t\t\tdata-rsp_ch=\"on\"\n\t\t\t\t\t\t\t\tdata-xy=\"xo:50px,41px,31px,-800px;yo:50px,41px,31px,-21px;\"\n\t\t\t\t\t\t\t\tdata-text=\"w:normal;s:20,16,12,7;l:0,20,15,9;\"\n\t\t\t\t\t\t\t\tdata-dim=\"w:300px,247px,187px,1401px;h:178px,146px,110px,805px;\"\n\t\t\t\t\t\t\t\tdata-vbility=\"f,f,f,t\"\n\t\t\t\t\t\t\t\tdata-frame_999=\"o:0;st:w;\"\n\t\t\t\t\t\t\t\tstyle=\"z-index:6;\"\n\t\t\t\t\t\t\t><img decoding=\"async\" src=\"\/\/www.artecogroup.com\/wp-content\/plugins\/revslider\/public\/assets\/assets\/dummy.png\" alt=\"\" class=\"tp-rs-img rs-lazyload\" width=\"2560\" height=\"1517\" data-lazyload=\"\/\/www.artecogroup.com\/wp-content\/uploads\/2025\/10\/Shape-06-4-scaled.jpg\" data-no-retina> \n\t\t\t\t\t\t\t<\/rs-layer><!--\n-->\t\t\t\t\t\t<\/rs-slide>\n\t\t\t\t\t\t<rs-slide style=\"position: absolute;\" data-key=\"rs-16\" data-title=\"Slide\" data-anim=\"adpr:false;\" data-in=\"o:0;\" data-out=\"a:false;\">\n\t\t\t\t\t\t\t<img decoding=\"async\" src=\"\/\/www.artecogroup.com\/wp-content\/plugins\/revslider\/public\/assets\/assets\/dummy.png\" alt=\"\" title=\"Ex_El &#8211; 04\" width=\"2560\" height=\"1517\" class=\"rev-slidebg tp-rs-img rs-lazyload\" data-lazyload=\"\/\/www.artecogroup.com\/wp-content\/uploads\/2025\/10\/Ex_El-04-1-scaled.jpg\" data-bg=\"p:left bottom;\" data-no-retina>\n<!--\n\t\t\t\t\t\t\t--><h1\n\t\t\t\t\t\t\t\tid=\"slider-5-slide-16-layer-0\" \n\t\t\t\t\t\t\t\tclass=\"rs-layer\"\n\t\t\t\t\t\t\t\tdata-type=\"text\"\n\t\t\t\t\t\t\t\tdata-color=\"rgba(255, 255, 255, 0.4)\"\n\t\t\t\t\t\t\t\tdata-rsp_ch=\"on\"\n\t\t\t\t\t\t\t\tdata-xy=\"x:r,c,c,c;xo:40px,0,0,0;y:b;yo:20px,30px,40px,31px;\"\n\t\t\t\t\t\t\t\tdata-text=\"w:normal;s:42,52,52,32;l:50,50,50,32;ls:10px;fw:700;\"\n\t\t\t\t\t\t\t\tdata-dim=\"w:954px,952px,737px,434px;\"\n\t\t\t\t\t\t\t\tdata-basealign=\"slide\"\n\t\t\t\t\t\t\t\tdata-frame_999=\"o:0;st:w;\"\n\t\t\t\t\t\t\t\tstyle=\"z-index:7;font-family:'Mulish';\"\n\t\t\t\t\t\t\t>Des bureaux \u00e9lectriques \u00e0 hauteur ajustable, con\u00e7us pour cr\u00e9er un environnement de direction moderne et dynamique \n\t\t\t\t\t\t\t<\/h1><!--\n\n\t\t\t\t\t\t\t--><rs-layer\n\t\t\t\t\t\t\t\tid=\"slider-5-slide-16-layer-1\" \n\t\t\t\t\t\t\t\tdata-type=\"image\"\n\t\t\t\t\t\t\t\tdata-rsp_ch=\"on\"\n\t\t\t\t\t\t\t\tdata-xy=\"xo:50px,41px,31px,-446px;yo:50px,41px,31px,-21px;\"\n\t\t\t\t\t\t\t\tdata-text=\"w:normal;s:20,16,12,7;l:0,20,15,9;\"\n\t\t\t\t\t\t\t\tdata-dim=\"w:300px,247px,187px,1401px;h:178px,146px,110px,805px;\"\n\t\t\t\t\t\t\t\tdata-vbility=\"f,f,f,t\"\n\t\t\t\t\t\t\t\tdata-frame_999=\"o:0;st:w;\"\n\t\t\t\t\t\t\t\tstyle=\"z-index:6;\"\n\t\t\t\t\t\t\t><img decoding=\"async\" src=\"\/\/www.artecogroup.com\/wp-content\/plugins\/revslider\/public\/assets\/assets\/dummy.png\" alt=\"\" class=\"tp-rs-img rs-lazyload\" width=\"2560\" height=\"1517\" data-lazyload=\"\/\/www.artecogroup.com\/wp-content\/uploads\/2025\/10\/Ex_El-04-1-scaled.jpg\" data-no-retina> \n\t\t\t\t\t\t\t<\/rs-layer><!--\n-->\t\t\t\t\t\t<\/rs-slide>\n\t\t\t\t\t<\/rs-slides>\n\t\t\t\t\t<rs-static-layers><!--\n\n\t\t\t\t\t\t\t--><rs-layer\n\t\t\t\t\t\t\t\tid=\"slider-5-slide-5-layer-2\" \n\t\t\t\t\t\t\t\tclass=\"rs-layer-static\"\n\t\t\t\t\t\t\t\tdata-type=\"text\"\n\t\t\t\t\t\t\t\tdata-rsp_ch=\"on\"\n\t\t\t\t\t\t\t\tdata-xy=\"x:r;xo:15px,15px,9px,5px;y:m;yo:35px,24px,18px,11px;\"\n\t\t\t\t\t\t\t\tdata-text=\"w:normal;s:35;l:25,20,15,9;\"\n\t\t\t\t\t\t\t\tdata-actions='o:click;a:jumptoslide;slide:next;'\n\t\t\t\t\t\t\t\tdata-basealign=\"slide\"\n\t\t\t\t\t\t\t\tdata-onslides=\"s:1;\"\n\t\t\t\t\t\t\t\tdata-frame_999=\"o:0;st:w;\"\n\t\t\t\t\t\t\t\tstyle=\"z-index:7;font-family:'Roboto';\"\n\t\t\t\t\t\t\t><i class=\"fa-light fa-chevron-right\" style=\"color: #ffffff;\"><\/i> \n\t\t\t\t\t\t\t<\/rs-layer><!--\n\n\t\t\t\t\t\t\t--><rs-layer\n\t\t\t\t\t\t\t\tid=\"slider-5-slide-5-layer-3\" \n\t\t\t\t\t\t\t\tclass=\"rs-layer-static\"\n\t\t\t\t\t\t\t\tdata-type=\"text\"\n\t\t\t\t\t\t\t\tdata-rsp_ch=\"on\"\n\t\t\t\t\t\t\t\tdata-xy=\"xo:15px,15px,9px,5px;y:m;yo:35px,24px,18px,11px;\"\n\t\t\t\t\t\t\t\tdata-text=\"w:normal;s:35;l:25,20,15,9;\"\n\t\t\t\t\t\t\t\tdata-actions='o:click;a:jumptoslide;slide:previous;'\n\t\t\t\t\t\t\t\tdata-basealign=\"slide\"\n\t\t\t\t\t\t\t\tdata-onslides=\"s:1;\"\n\t\t\t\t\t\t\t\tdata-frame_999=\"o:0;st:w;\"\n\t\t\t\t\t\t\t\tstyle=\"z-index:6;font-family:'Roboto';\"\n\t\t\t\t\t\t\t><i class=\"fa-light fa-chevron-left\" style=\"color: #ffffff;\"><\/i> \n\t\t\t\t\t\t\t<\/rs-layer><!--\n\t\t\t\t\t--><\/rs-static-layers>\n\t\t\t\t<\/rs-module>\n\t\t\t\t<script>\n\t\t\t\t\tsetREVStartSize({c: 'rev_slider_5_1',rl:[1240,1024,778,480],el:[900,768,960,720],gw:[1240,1024,778,480],gh:[900,768,960,720],type:'standard',justify:'',layout:'fullscreen',offsetContainer:'',offset:'',mh:\"0\"});if (window.RS_MODULES!==undefined && window.RS_MODULES.modules!==undefined && window.RS_MODULES.modules[\"revslider51\"]!==undefined) {window.RS_MODULES.modules[\"revslider51\"].once = false;window.revapi5 = undefined;if (window.RS_MODULES.checkMinimal!==undefined) window.RS_MODULES.checkMinimal()}\n\t\t\t\t<\/script>\n\t\t\t<\/rs-module-wrap>\n\t\t\t<!-- END REVOLUTION SLIDER -->\n<\/div>\n","protected":false},"excerpt":{"rendered":"","protected":false},"author":1,"featured_media":2875,"parent":0,"menu_order":0,"comment_status":"closed","ping_status":"closed","template":"","meta":{"_acf_changed":false,"_uag_custom_page_level_css":"","footnotes":""},"class_list":["post-2019","page","type-page","status-publish","has-post-thumbnail","hentry","entry"],"acf":[],"yoast_head":"<!-- This site is optimized with the Yoast SEO plugin v26.0 - https:\/\/yoast.com\/wordpress\/plugins\/seo\/ -->\n<title>Homepage - Arteco<\/title>\n<meta name=\"robots\" content=\"index, follow, max-snippet:-1, max-image-preview:large, max-video-preview:-1\" \/>\n<link rel=\"canonical\" href=\"https:\/\/www.artecogroup.com\/fr\/\" \/>\n<meta property=\"og:locale\" content=\"fr_FR\" \/>\n<meta property=\"og:type\" content=\"article\" \/>\n<meta property=\"og:title\" content=\"Homepage - Arteco\" \/>\n<meta property=\"og:url\" content=\"https:\/\/www.artecogroup.com\/fr\/\" \/>\n<meta property=\"og:site_name\" content=\"Arteco\" \/>\n<meta property=\"article:modified_time\" content=\"2021-07-29T08:52:17+00:00\" \/>\n<meta name=\"twitter:card\" content=\"summary_large_image\" \/>\n<meta name=\"twitter:label1\" content=\"Dur\u00e9e de lecture estim\u00e9e\" \/>\n\t<meta name=\"twitter:data1\" content=\"1 minute\" \/>\n<script type=\"application\/ld+json\" class=\"yoast-schema-graph\">{\"@context\":\"https:\/\/schema.org\",\"@graph\":[{\"@type\":\"WebPage\",\"@id\":\"https:\/\/www.artecogroup.com\/fr\/\",\"url\":\"https:\/\/www.artecogroup.com\/fr\/\",\"name\":\"Homepage - Arteco\",\"isPartOf\":{\"@id\":\"https:\/\/www.artecogroup.com\/fr\/#website\"},\"primaryImageOfPage\":{\"@id\":\"https:\/\/www.artecogroup.com\/fr\/#primaryimage\"},\"image\":{\"@id\":\"https:\/\/www.artecogroup.com\/fr\/#primaryimage\"},\"thumbnailUrl\":\"https:\/\/www.artecogroup.com\/wp-content\/uploads\/2023\/06\/Shape_007.jpg\",\"datePublished\":\"2021-07-27T07:48:25+00:00\",\"dateModified\":\"2021-07-29T08:52:17+00:00\",\"breadcrumb\":{\"@id\":\"https:\/\/www.artecogroup.com\/fr\/#breadcrumb\"},\"inLanguage\":\"fr-FR\",\"potentialAction\":[{\"@type\":\"ReadAction\",\"target\":[\"https:\/\/www.artecogroup.com\/fr\/\"]}]},{\"@type\":\"ImageObject\",\"inLanguage\":\"fr-FR\",\"@id\":\"https:\/\/www.artecogroup.com\/fr\/#primaryimage\",\"url\":\"https:\/\/www.artecogroup.com\/wp-content\/uploads\/2023\/06\/Shape_007.jpg\",\"contentUrl\":\"https:\/\/www.artecogroup.com\/wp-content\/uploads\/2023\/06\/Shape_007.jpg\",\"width\":1890,\"height\":1890},{\"@type\":\"BreadcrumbList\",\"@id\":\"https:\/\/www.artecogroup.com\/fr\/#breadcrumb\",\"itemListElement\":[{\"@type\":\"ListItem\",\"position\":1,\"name\":\"Home\",\"item\":\"https:\/\/www.artecogroup.com\/fr\/\"},{\"@type\":\"ListItem\",\"position\":2,\"name\":\"Homepage\"}]},{\"@type\":\"WebSite\",\"@id\":\"https:\/\/www.artecogroup.com\/fr\/#website\",\"url\":\"https:\/\/www.artecogroup.com\/fr\/\",\"name\":\"Arteco\",\"description\":\"\",\"potentialAction\":[{\"@type\":\"SearchAction\",\"target\":{\"@type\":\"EntryPoint\",\"urlTemplate\":\"https:\/\/www.artecogroup.com\/fr\/?s={search_term_string}\"},\"query-input\":{\"@type\":\"PropertyValueSpecification\",\"valueRequired\":true,\"valueName\":\"search_term_string\"}}],\"inLanguage\":\"fr-FR\"}]}<\/script>\n<!-- \/ Yoast SEO plugin. -->","yoast_head_json":{"title":"Homepage - Arteco","robots":{"index":"index","follow":"follow","max-snippet":"max-snippet:-1","max-image-preview":"max-image-preview:large","max-video-preview":"max-video-preview:-1"},"canonical":"https:\/\/www.artecogroup.com\/fr\/","og_locale":"fr_FR","og_type":"article","og_title":"Homepage - Arteco","og_url":"https:\/\/www.artecogroup.com\/fr\/","og_site_name":"Arteco","article_modified_time":"2021-07-29T08:52:17+00:00","twitter_card":"summary_large_image","twitter_misc":{"Dur\u00e9e de lecture estim\u00e9e":"1 minute"},"schema":{"@context":"https:\/\/schema.org","@graph":[{"@type":"WebPage","@id":"https:\/\/www.artecogroup.com\/fr\/","url":"https:\/\/www.artecogroup.com\/fr\/","name":"Homepage - Arteco","isPartOf":{"@id":"https:\/\/www.artecogroup.com\/fr\/#website"},"primaryImageOfPage":{"@id":"https:\/\/www.artecogroup.com\/fr\/#primaryimage"},"image":{"@id":"https:\/\/www.artecogroup.com\/fr\/#primaryimage"},"thumbnailUrl":"https:\/\/www.artecogroup.com\/wp-content\/uploads\/2023\/06\/Shape_007.jpg","datePublished":"2021-07-27T07:48:25+00:00","dateModified":"2021-07-29T08:52:17+00:00","breadcrumb":{"@id":"https:\/\/www.artecogroup.com\/fr\/#breadcrumb"},"inLanguage":"fr-FR","potentialAction":[{"@type":"ReadAction","target":["https:\/\/www.artecogroup.com\/fr\/"]}]},{"@type":"ImageObject","inLanguage":"fr-FR","@id":"https:\/\/www.artecogroup.com\/fr\/#primaryimage","url":"https:\/\/www.artecogroup.com\/wp-content\/uploads\/2023\/06\/Shape_007.jpg","contentUrl":"https:\/\/www.artecogroup.com\/wp-content\/uploads\/2023\/06\/Shape_007.jpg","width":1890,"height":1890},{"@type":"BreadcrumbList","@id":"https:\/\/www.artecogroup.com\/fr\/#breadcrumb","itemListElement":[{"@type":"ListItem","position":1,"name":"Home","item":"https:\/\/www.artecogroup.com\/fr\/"},{"@type":"ListItem","position":2,"name":"Homepage"}]},{"@type":"WebSite","@id":"https:\/\/www.artecogroup.com\/fr\/#website","url":"https:\/\/www.artecogroup.com\/fr\/","name":"Arteco","description":"","potentialAction":[{"@type":"SearchAction","target":{"@type":"EntryPoint","urlTemplate":"https:\/\/www.artecogroup.com\/fr\/?s={search_term_string}"},"query-input":{"@type":"PropertyValueSpecification","valueRequired":true,"valueName":"search_term_string"}}],"inLanguage":"fr-FR"}]}},"uagb_featured_image_src":{"full":["https:\/\/www.artecogroup.com\/wp-content\/uploads\/2023\/06\/Shape_007.jpg",1890,1890,false],"thumbnail":["https:\/\/www.artecogroup.com\/wp-content\/uploads\/2023\/06\/Shape_007-150x150.jpg",150,150,true],"medium":["https:\/\/www.artecogroup.com\/wp-content\/uploads\/2023\/06\/Shape_007-300x300.jpg",300,300,true],"medium_large":["https:\/\/www.artecogroup.com\/wp-content\/uploads\/2023\/06\/Shape_007-768x768.jpg",750,750,true],"large":["https:\/\/www.artecogroup.com\/wp-content\/uploads\/2023\/06\/Shape_007-1024x1024.jpg",750,750,true],"1536x1536":["https:\/\/www.artecogroup.com\/wp-content\/uploads\/2023\/06\/Shape_007-1536x1536.jpg",1536,1536,true],"2048x2048":["https:\/\/www.artecogroup.com\/wp-content\/uploads\/2023\/06\/Shape_007.jpg",1890,1890,false],"post-thumbnail":["https:\/\/www.artecogroup.com\/wp-content\/uploads\/2023\/06\/Shape_007-1568x1568.jpg",1568,1568,true]},"uagb_author_info":{"display_name":"Art3-c047ak","author_link":"https:\/\/www.artecogroup.com\/fr\/author\/art3-c047ak\/"},"uagb_comment_info":0,"uagb_excerpt":null,"_links":{"self":[{"href":"https:\/\/www.artecogroup.com\/fr\/wp-json\/wp\/v2\/pages\/2019","targetHints":{"allow":["GET"]}}],"collection":[{"href":"https:\/\/www.artecogroup.com\/fr\/wp-json\/wp\/v2\/pages"}],"about":[{"href":"https:\/\/www.artecogroup.com\/fr\/wp-json\/wp\/v2\/types\/page"}],"author":[{"embeddable":true,"href":"https:\/\/www.artecogroup.com\/fr\/wp-json\/wp\/v2\/users\/1"}],"replies":[{"embeddable":true,"href":"https:\/\/www.artecogroup.com\/fr\/wp-json\/wp\/v2\/comments?post=2019"}],"version-history":[{"count":0,"href":"https:\/\/www.artecogroup.com\/fr\/wp-json\/wp\/v2\/pages\/2019\/revisions"}],"wp:featuredmedia":[{"embeddable":true,"href":"https:\/\/www.artecogroup.com\/fr\/wp-json\/wp\/v2\/media\/2875"}],"wp:attachment":[{"href":"https:\/\/www.artecogroup.com\/fr\/wp-json\/wp\/v2\/media?parent=2019"}],"curies":[{"name":"wp","href":"https:\/\/api.w.org\/{rel}","templated":true}]}}