{"id":2052,"date":"2021-07-29T10:17:17","date_gmt":"2021-07-29T08:17:17","guid":{"rendered":"https:\/\/www.artecogroup.com\/?page_id=2052"},"modified":"2021-08-03T18:06:58","modified_gmt":"2021-08-03T16:06:58","slug":"societe","status":"publish","type":"page","link":"https:\/\/www.artecogroup.com\/fr\/societe\/","title":{"rendered":"Soci\u00e9t\u00e9"},"content":{"rendered":"<div  class=\"grids-section grids-is-advanced alignfull\" style=\"--_gs-gap-desktop:0px 0px;--_gs-m-desktop:0 0 0 0;--_gs-p-desktop:40px 0 0 0;--_gs-bg-desktop:transparent none;--_gs-bg-xp-desktop:0px;--_gs-zi-desktop:auto;--_gs-d-desktop:block;--_gs-mw-desktop:calc(100% - 0 - 0);--_gs-gap-tablet:0px 0px;--_gs-m-tablet:0 0 0 0;--_gs-p-tablet:40px 0 0 0;--_gs-bg-tablet:transparent none;--_gs-bg-xp-tablet:0px;--_gs-zi-tablet:auto;--_gs-d-tablet:block;--_gs-mw-tablet:calc(100% - 0 - 0);--_gs-gap-mobile:0px 0px;--_gs-m-mobile:0 0 0 0;--_gs-p-mobile:40px 0 0 0;--_gs-bg-mobile:transparent none;--_gs-bg-xp-mobile:0px;--_gs-zi-mobile:auto;--_gs-d-mobile:block;--_gs-mw-mobile:calc(100% - 0 - 0);--_gs-columns:12;--_gs-rows:6\"><div class=\"grids-s-w_i\">\n<div class=\"grids-area\" style=\"--_ga-column:3\/8;--_ga-row:1\/7;--_ga-m-desktop:0 0 0 0;--_ga-p-desktop:0 0px 0 0;--_ga-bg-desktop:transparent none;--_ga-zi-desktop:1;--_ga-d-desktop:flex;--_ga-mw-desktop:calc(100% - 0 - 0);--_ga-m-tablet:0 0 0 0;--_ga-p-tablet:0 0px 0 0;--_ga-bg-tablet:transparent none;--_ga-zi-tablet:1;--_ga-d-tablet:flex;--_ga-mw-tablet:calc(100% - 0 - 0);--_ga-m-mobile:0 0 0 0;--_ga-p-mobile:0 0px 0 0;--_ga-bg-mobile:transparent none;--_ga-zi-mobile:1;--_ga-d-mobile:flex;--_ga-mw-mobile:calc(100% - 0 - 0)\">\n\n<p>Depuis 1985 dans le monde du mobilier de bureau la soci\u00e9t\u00e9 ARTECO se caract\u00e9rise pour la qualit\u00e9 et la fonctionnalit\u00e9 de ses produits, pour la rapidit\u00e9 des services et pour la disponibilit\u00e9 dans la r\u00e9alisation de l\u2019ameublement.<\/p>\n\n\n\n<p>Arteco a eu au cours de ces ann\u00e9es la capacit\u00e9 de pr\u00e9voir les exigences du march\u00e9, il en r\u00e9sulte l\u2019offre de produits au design innovant avec modularit\u00e9 lin\u00e9aire et pratique qui a conduit au succ\u00e8s et au d\u00e9veloppement de la soci\u00e9t\u00e9.<\/p>\n\n\n\n<p>Les atouts sont donc les tables de r\u00e9union, les bureaux, les armoires qu\u2019on peut adapter aux exigences les plus vari\u00e9s et surtout les produits <strong>DISPONIBLES POUR LIVRAISON IMMEDIATE<\/strong>.<\/p>\n\n\n\n<p>L\u2019avenir de Arteco sera donc le r\u00e9sultat de l\u2019union entre son exp\u00e9rience et son engagement obstin\u00e9 \u00e0 proposer des produits marquant le temps.<\/p>\n\n\n\n<p>La mission de Arteco est de augmenter la productivit\u00e9 de ses clients en projetant et en r\u00e9alisant des ambiances de travail fonctionnelles et au design essentiel en s\u2019appuyant sur les capacit\u00e9s, les points de force et les ressources uniques de notre diversit\u00e9<\/p>\n\n\n\n\n\n<\/div>\n\n<div class=\"grids-area\" style=\"--_ga-column:9\/12;--_ga-row:1\/7;--_ga-m-desktop:0 0 0 0;--_ga-p-desktop:0 0 0 0;--_ga-bg-desktop:transparent none;--_ga-zi-desktop:auto;--_ga-d-desktop:flex;--_ga-mw-desktop:calc(100% - 0 - 0);--_ga-m-tablet:0 0 0 0;--_ga-p-tablet:0 0 0 0;--_ga-bg-tablet:transparent none;--_ga-zi-tablet:auto;--_ga-d-tablet:flex;--_ga-mw-tablet:calc(100% - 0 - 0);--_ga-m-mobile:0 0 0 0;--_ga-p-mobile:0 0 0 0;--_ga-bg-mobile:transparent none;--_ga-zi-mobile:auto;--_ga-d-mobile:flex;--_ga-mw-mobile:calc(100% - 0 - 0)\">\n\n<figure class=\"wp-block-image size-large\"><img loading=\"lazy\" decoding=\"async\" width=\"768\" height=\"1024\" src=\"https:\/\/www.artecogroup.com\/wp-content\/uploads\/2021\/07\/IMG_2325_magazzino-2-768x1024.jpg\" alt=\"\" class=\"wp-image-2010\" srcset=\"https:\/\/www.artecogroup.com\/wp-content\/uploads\/2021\/07\/IMG_2325_magazzino-2-768x1024.jpg 768w, https:\/\/www.artecogroup.com\/wp-content\/uploads\/2021\/07\/IMG_2325_magazzino-2-225x300.jpg 225w, https:\/\/www.artecogroup.com\/wp-content\/uploads\/2021\/07\/IMG_2325_magazzino-2-1152x1536.jpg 1152w, https:\/\/www.artecogroup.com\/wp-content\/uploads\/2021\/07\/IMG_2325_magazzino-2-1536x2048.jpg 1536w, https:\/\/www.artecogroup.com\/wp-content\/uploads\/2021\/07\/IMG_2325_magazzino-2-1568x2091.jpg 1568w, https:\/\/www.artecogroup.com\/wp-content\/uploads\/2021\/07\/IMG_2325_magazzino-2-scaled.jpg 1920w\" sizes=\"auto, (max-width: 768px) 100vw, 768px\" \/><\/figure>\n\n<\/div>\n<\/div><\/div>","protected":false},"excerpt":{"rendered":"","protected":false},"author":1,"featured_media":0,"parent":0,"menu_order":0,"comment_status":"closed","ping_status":"closed","template":"","meta":{"_acf_changed":false,"_uag_custom_page_level_css":"","footnotes":""},"class_list":["post-2052","page","type-page","status-publish","hentry","entry"],"acf":[],"yoast_head":"<!-- This site is optimized with the Yoast SEO plugin v26.0 - https:\/\/yoast.com\/wordpress\/plugins\/seo\/ -->\n<title>Soci\u00e9t\u00e9 - Arteco<\/title>\n<meta name=\"robots\" content=\"index, follow, max-snippet:-1, max-image-preview:large, max-video-preview:-1\" \/>\n<link rel=\"canonical\" href=\"https:\/\/www.artecogroup.com\/fr\/societe\/\" \/>\n<meta property=\"og:locale\" content=\"fr_FR\" \/>\n<meta property=\"og:type\" content=\"article\" \/>\n<meta property=\"og:title\" content=\"Soci\u00e9t\u00e9 - Arteco\" \/>\n<meta property=\"og:url\" content=\"https:\/\/www.artecogroup.com\/fr\/societe\/\" \/>\n<meta property=\"og:site_name\" content=\"Arteco\" \/>\n<meta property=\"article:modified_time\" content=\"2021-08-03T16:06:58+00:00\" \/>\n<meta property=\"og:image\" content=\"https:\/\/www.artecogroup.com\/wp-content\/uploads\/2021\/07\/IMG_2325_magazzino-2-768x1024.jpg\" \/>\n<meta name=\"twitter:card\" content=\"summary_large_image\" \/>\n<meta name=\"twitter:label1\" content=\"Dur\u00e9e de lecture estim\u00e9e\" \/>\n\t<meta name=\"twitter:data1\" content=\"1 minute\" \/>\n<script type=\"application\/ld+json\" class=\"yoast-schema-graph\">{\"@context\":\"https:\/\/schema.org\",\"@graph\":[{\"@type\":\"WebPage\",\"@id\":\"https:\/\/www.artecogroup.com\/fr\/societe\/\",\"url\":\"https:\/\/www.artecogroup.com\/fr\/societe\/\",\"name\":\"Soci\u00e9t\u00e9 - Arteco\",\"isPartOf\":{\"@id\":\"https:\/\/www.artecogroup.com\/fr\/#website\"},\"primaryImageOfPage\":{\"@id\":\"https:\/\/www.artecogroup.com\/fr\/societe\/#primaryimage\"},\"image\":{\"@id\":\"https:\/\/www.artecogroup.com\/fr\/societe\/#primaryimage\"},\"thumbnailUrl\":\"https:\/\/www.artecogroup.com\/wp-content\/uploads\/2021\/07\/IMG_2325_magazzino-2-768x1024.jpg\",\"datePublished\":\"2021-07-29T08:17:17+00:00\",\"dateModified\":\"2021-08-03T16:06:58+00:00\",\"breadcrumb\":{\"@id\":\"https:\/\/www.artecogroup.com\/fr\/societe\/#breadcrumb\"},\"inLanguage\":\"fr-FR\",\"potentialAction\":[{\"@type\":\"ReadAction\",\"target\":[\"https:\/\/www.artecogroup.com\/fr\/societe\/\"]}]},{\"@type\":\"ImageObject\",\"inLanguage\":\"fr-FR\",\"@id\":\"https:\/\/www.artecogroup.com\/fr\/societe\/#primaryimage\",\"url\":\"https:\/\/www.artecogroup.com\/wp-content\/uploads\/2021\/07\/IMG_2325_magazzino-2-768x1024.jpg\",\"contentUrl\":\"https:\/\/www.artecogroup.com\/wp-content\/uploads\/2021\/07\/IMG_2325_magazzino-2-768x1024.jpg\"},{\"@type\":\"BreadcrumbList\",\"@id\":\"https:\/\/www.artecogroup.com\/fr\/societe\/#breadcrumb\",\"itemListElement\":[{\"@type\":\"ListItem\",\"position\":1,\"name\":\"Home\",\"item\":\"https:\/\/www.artecogroup.com\/fr\/\"},{\"@type\":\"ListItem\",\"position\":2,\"name\":\"Soci\u00e9t\u00e9\"}]},{\"@type\":\"WebSite\",\"@id\":\"https:\/\/www.artecogroup.com\/fr\/#website\",\"url\":\"https:\/\/www.artecogroup.com\/fr\/\",\"name\":\"Arteco\",\"description\":\"\",\"potentialAction\":[{\"@type\":\"SearchAction\",\"target\":{\"@type\":\"EntryPoint\",\"urlTemplate\":\"https:\/\/www.artecogroup.com\/fr\/?s={search_term_string}\"},\"query-input\":{\"@type\":\"PropertyValueSpecification\",\"valueRequired\":true,\"valueName\":\"search_term_string\"}}],\"inLanguage\":\"fr-FR\"}]}<\/script>\n<!-- \/ Yoast SEO plugin. -->","yoast_head_json":{"title":"Soci\u00e9t\u00e9 - Arteco","robots":{"index":"index","follow":"follow","max-snippet":"max-snippet:-1","max-image-preview":"max-image-preview:large","max-video-preview":"max-video-preview:-1"},"canonical":"https:\/\/www.artecogroup.com\/fr\/societe\/","og_locale":"fr_FR","og_type":"article","og_title":"Soci\u00e9t\u00e9 - Arteco","og_url":"https:\/\/www.artecogroup.com\/fr\/societe\/","og_site_name":"Arteco","article_modified_time":"2021-08-03T16:06:58+00:00","og_image":[{"url":"https:\/\/www.artecogroup.com\/wp-content\/uploads\/2021\/07\/IMG_2325_magazzino-2-768x1024.jpg","type":"","width":"","height":""}],"twitter_card":"summary_large_image","twitter_misc":{"Dur\u00e9e de lecture estim\u00e9e":"1 minute"},"schema":{"@context":"https:\/\/schema.org","@graph":[{"@type":"WebPage","@id":"https:\/\/www.artecogroup.com\/fr\/societe\/","url":"https:\/\/www.artecogroup.com\/fr\/societe\/","name":"Soci\u00e9t\u00e9 - Arteco","isPartOf":{"@id":"https:\/\/www.artecogroup.com\/fr\/#website"},"primaryImageOfPage":{"@id":"https:\/\/www.artecogroup.com\/fr\/societe\/#primaryimage"},"image":{"@id":"https:\/\/www.artecogroup.com\/fr\/societe\/#primaryimage"},"thumbnailUrl":"https:\/\/www.artecogroup.com\/wp-content\/uploads\/2021\/07\/IMG_2325_magazzino-2-768x1024.jpg","datePublished":"2021-07-29T08:17:17+00:00","dateModified":"2021-08-03T16:06:58+00:00","breadcrumb":{"@id":"https:\/\/www.artecogroup.com\/fr\/societe\/#breadcrumb"},"inLanguage":"fr-FR","potentialAction":[{"@type":"ReadAction","target":["https:\/\/www.artecogroup.com\/fr\/societe\/"]}]},{"@type":"ImageObject","inLanguage":"fr-FR","@id":"https:\/\/www.artecogroup.com\/fr\/societe\/#primaryimage","url":"https:\/\/www.artecogroup.com\/wp-content\/uploads\/2021\/07\/IMG_2325_magazzino-2-768x1024.jpg","contentUrl":"https:\/\/www.artecogroup.com\/wp-content\/uploads\/2021\/07\/IMG_2325_magazzino-2-768x1024.jpg"},{"@type":"BreadcrumbList","@id":"https:\/\/www.artecogroup.com\/fr\/societe\/#breadcrumb","itemListElement":[{"@type":"ListItem","position":1,"name":"Home","item":"https:\/\/www.artecogroup.com\/fr\/"},{"@type":"ListItem","position":2,"name":"Soci\u00e9t\u00e9"}]},{"@type":"WebSite","@id":"https:\/\/www.artecogroup.com\/fr\/#website","url":"https:\/\/www.artecogroup.com\/fr\/","name":"Arteco","description":"","potentialAction":[{"@type":"SearchAction","target":{"@type":"EntryPoint","urlTemplate":"https:\/\/www.artecogroup.com\/fr\/?s={search_term_string}"},"query-input":{"@type":"PropertyValueSpecification","valueRequired":true,"valueName":"search_term_string"}}],"inLanguage":"fr-FR"}]}},"uagb_featured_image_src":{"full":false,"thumbnail":false,"medium":false,"medium_large":false,"large":false,"1536x1536":false,"2048x2048":false,"post-thumbnail":false},"uagb_author_info":{"display_name":"Art3-c047ak","author_link":"https:\/\/www.artecogroup.com\/fr\/author\/art3-c047ak\/"},"uagb_comment_info":0,"uagb_excerpt":null,"_links":{"self":[{"href":"https:\/\/www.artecogroup.com\/fr\/wp-json\/wp\/v2\/pages\/2052","targetHints":{"allow":["GET"]}}],"collection":[{"href":"https:\/\/www.artecogroup.com\/fr\/wp-json\/wp\/v2\/pages"}],"about":[{"href":"https:\/\/www.artecogroup.com\/fr\/wp-json\/wp\/v2\/types\/page"}],"author":[{"embeddable":true,"href":"https:\/\/www.artecogroup.com\/fr\/wp-json\/wp\/v2\/users\/1"}],"replies":[{"embeddable":true,"href":"https:\/\/www.artecogroup.com\/fr\/wp-json\/wp\/v2\/comments?post=2052"}],"version-history":[{"count":0,"href":"https:\/\/www.artecogroup.com\/fr\/wp-json\/wp\/v2\/pages\/2052\/revisions"}],"wp:attachment":[{"href":"https:\/\/www.artecogroup.com\/fr\/wp-json\/wp\/v2\/media?parent=2052"}],"curies":[{"name":"wp","href":"https:\/\/api.w.org\/{rel}","templated":true}]}}