{"id":1804,"date":"2021-05-26T14:22:32","date_gmt":"2021-05-26T12:22:32","guid":{"rendered":"https:\/\/www.artecogroup.com\/product\/cassettiere-e-mobili-di-servizio\/"},"modified":"2025-10-23T09:54:42","modified_gmt":"2025-10-23T07:54:42","slug":"cassettiere-e-mobili-di-servizio","status":"publish","type":"product","link":"https:\/\/www.artecogroup.com\/fr\/product\/cassettiere-e-mobili-di-servizio\/","title":{"rendered":"Caissons et meubles de service"},"content":{"rendered":"<div  class=\"grids-section grids-is-advanced alignfull\" style=\"--_gs-gap-desktop:0px 0px;--_gs-m-desktop:0 0 0 0;--_gs-p-desktop:0 0 0 0;--_gs-bg-desktop:transparent none;--_gs-bg-xp-desktop:0px;--_gs-zi-desktop:auto;--_gs-d-desktop:block;--_gs-mw-desktop:calc(100% - 0 - 0);--_gs-gap-tablet:0px 0px;--_gs-m-tablet:0 0 0 0;--_gs-p-tablet:0 0 0 0;--_gs-bg-tablet:transparent none;--_gs-bg-xp-tablet:0px;--_gs-zi-tablet:auto;--_gs-d-tablet:block;--_gs-mw-tablet:calc(100% - 0 - 0);--_gs-gap-mobile:0px 0px;--_gs-m-mobile:0 0 0 0;--_gs-p-mobile:0 0 0 0;--_gs-bg-mobile:transparent none;--_gs-bg-xp-mobile:0px;--_gs-zi-mobile:auto;--_gs-d-mobile:block;--_gs-mw-mobile:calc(100% - 0 - 0);--_gs-columns:12;--_gs-rows:6\"><div class=\"grids-s-w_i\">\n<div class=\"grids-area\" style=\"--_ga-column:1\/6;--_ga-row:1\/4;--_ga-va:center;--_ga-m-desktop:0 0 0 0;--_ga-p-desktop:0 0 0 0;--_ga-bg-desktop:transparent none;--_ga-zi-desktop:auto;--_ga-d-desktop:flex;--_ga-mw-desktop:calc(100% - 0 - 0);--_ga-m-tablet:0 0 0 0;--_ga-p-tablet:0 0 0 0;--_ga-bg-tablet:transparent none;--_ga-zi-tablet:auto;--_ga-d-tablet:flex;--_ga-mw-tablet:calc(100% - 0 - 0);--_ga-m-mobile:0 0 0 0;--_ga-p-mobile:0 0 0 0;--_ga-bg-mobile:transparent none;--_ga-zi-mobile:auto;--_ga-d-mobile:flex;--_ga-mw-mobile:calc(100% - 0 - 0)\">\n\n<p>Caissons en m\u00e9lamine et en m\u00e9tal, dot\u00e9s de tiroirs en PVC ou en m\u00e9tal.<\/p>\n\n<\/div>\n\n<div class=\"grids-area\" style=\"--_ga-column:7\/13;--_ga-row:1\/4;--_ga-va:center;--_ga-m-desktop:0 0 0 0;--_ga-p-desktop:0 0 0 0;--_ga-bg-desktop:transparent none;--_ga-zi-desktop:auto;--_ga-d-desktop:flex;--_ga-mw-desktop:calc(100% - 0 - 0);--_ga-m-tablet:0 0 0 0;--_ga-p-tablet:0 0 0 0;--_ga-bg-tablet:transparent none;--_ga-zi-tablet:auto;--_ga-d-tablet:flex;--_ga-mw-tablet:calc(100% - 0 - 0);--_ga-m-mobile:0 0 0 0;--_ga-p-mobile:0 0 0 0;--_ga-bg-mobile:transparent none;--_ga-zi-mobile:auto;--_ga-d-mobile:flex;--_ga-mw-mobile:calc(100% - 0 - 0)\"><\/div>\n<\/div><\/div>\n\n<div  class=\"grids-section grids-is-advanced alignfull\" style=\"--_gs-gap-desktop:0px 0px;--_gs-m-desktop:0 0 0 0;--_gs-p-desktop:0 0 0 0;--_gs-bg-desktop:transparent none;--_gs-bg-xp-desktop:0px;--_gs-zi-desktop:auto;--_gs-d-desktop:block;--_gs-mw-desktop:calc(100% - 0 - 0);--_gs-gap-tablet:0px 0px;--_gs-m-tablet:0 0 0 0;--_gs-p-tablet:0 0 0 0;--_gs-bg-tablet:transparent none;--_gs-bg-xp-tablet:0px;--_gs-zi-tablet:auto;--_gs-d-tablet:block;--_gs-mw-tablet:calc(100% - 0 - 0);--_gs-gap-mobile:0px 0px;--_gs-m-mobile:0 0 0 0;--_gs-p-mobile:0 0 0 0;--_gs-bg-mobile:transparent none;--_gs-bg-xp-mobile:0px;--_gs-zi-mobile:auto;--_gs-d-mobile:block;--_gs-mw-mobile:calc(100% - 0 - 0);--_gs-columns:12;--_gs-rows:6\"><div class=\"grids-s-w_i\">\n<div class=\"grids-area\" style=\"--_ga-column:1\/7;--_ga-row:1\/5;--_ga-va:center;--_ga-m-desktop:0 0 0 0;--_ga-p-desktop:0 0 0 0;--_ga-bg-desktop:transparent none;--_ga-zi-desktop:auto;--_ga-d-desktop:flex;--_ga-mw-desktop:calc(100% - 0 - 0);--_ga-m-tablet:0 0 0 0;--_ga-p-tablet:0 0 0 0;--_ga-bg-tablet:transparent none;--_ga-zi-tablet:auto;--_ga-d-tablet:flex;--_ga-mw-tablet:calc(100% - 0 - 0);--_ga-m-mobile:0 0 0 0;--_ga-p-mobile:0 0 0 0;--_ga-bg-mobile:transparent none;--_ga-zi-mobile:auto;--_ga-d-mobile:flex;--_ga-mw-mobile:calc(100% - 0 - 0)\">\n\n<figure class=\"wp-block-image size-large\"><img loading=\"lazy\" decoding=\"async\" width=\"1024\" height=\"1024\" src=\"https:\/\/www.artecogroup.com\/wp-content\/uploads\/2025\/10\/Cassettiere-Mobili-di-Servizio-04-1024x1024.jpg\" alt=\"\" class=\"wp-image-4192\" srcset=\"https:\/\/www.artecogroup.com\/wp-content\/uploads\/2025\/10\/Cassettiere-Mobili-di-Servizio-04-1024x1024.jpg 1024w, https:\/\/www.artecogroup.com\/wp-content\/uploads\/2025\/10\/Cassettiere-Mobili-di-Servizio-04-300x300.jpg 300w, https:\/\/www.artecogroup.com\/wp-content\/uploads\/2025\/10\/Cassettiere-Mobili-di-Servizio-04-150x150.jpg 150w, https:\/\/www.artecogroup.com\/wp-content\/uploads\/2025\/10\/Cassettiere-Mobili-di-Servizio-04-768x768.jpg 768w, https:\/\/www.artecogroup.com\/wp-content\/uploads\/2025\/10\/Cassettiere-Mobili-di-Servizio-04-1536x1536.jpg 1536w, https:\/\/www.artecogroup.com\/wp-content\/uploads\/2025\/10\/Cassettiere-Mobili-di-Servizio-04-2048x2048.jpg 2048w, https:\/\/www.artecogroup.com\/wp-content\/uploads\/2025\/10\/Cassettiere-Mobili-di-Servizio-04-1568x1568.jpg 1568w\" sizes=\"auto, (max-width: 1024px) 100vw, 1024px\" \/><\/figure>\n\n<\/div>\n\n<div class=\"grids-area\" style=\"--_ga-column:7\/13;--_ga-row:1\/5;--_ga-va:center;--_ga-m-desktop:0 0 0 0;--_ga-p-desktop:0 0 0 0;--_ga-bg-desktop:transparent none;--_ga-zi-desktop:auto;--_ga-d-desktop:flex;--_ga-mw-desktop:calc(100% - 0 - 0);--_ga-m-tablet:0 0 0 0;--_ga-p-tablet:0 0 0 0;--_ga-bg-tablet:transparent none;--_ga-zi-tablet:auto;--_ga-d-tablet:flex;--_ga-mw-tablet:calc(100% - 0 - 0);--_ga-m-mobile:0 0 0 0;--_ga-p-mobile:0 0 0 0;--_ga-bg-mobile:transparent none;--_ga-zi-mobile:auto;--_ga-d-mobile:flex;--_ga-mw-mobile:calc(100% - 0 - 0)\">\n\n<figure class=\"wp-block-image size-large\"><img loading=\"lazy\" decoding=\"async\" width=\"1024\" height=\"1024\" src=\"https:\/\/www.artecogroup.com\/wp-content\/uploads\/2025\/10\/Cassettiere-Mobili-di-Servizio-02-1024x1024.jpg\" alt=\"\" class=\"wp-image-4186\" srcset=\"https:\/\/www.artecogroup.com\/wp-content\/uploads\/2025\/10\/Cassettiere-Mobili-di-Servizio-02-1024x1024.jpg 1024w, https:\/\/www.artecogroup.com\/wp-content\/uploads\/2025\/10\/Cassettiere-Mobili-di-Servizio-02-300x300.jpg 300w, https:\/\/www.artecogroup.com\/wp-content\/uploads\/2025\/10\/Cassettiere-Mobili-di-Servizio-02-150x150.jpg 150w, https:\/\/www.artecogroup.com\/wp-content\/uploads\/2025\/10\/Cassettiere-Mobili-di-Servizio-02-768x768.jpg 768w, https:\/\/www.artecogroup.com\/wp-content\/uploads\/2025\/10\/Cassettiere-Mobili-di-Servizio-02-1536x1536.jpg 1536w, https:\/\/www.artecogroup.com\/wp-content\/uploads\/2025\/10\/Cassettiere-Mobili-di-Servizio-02-2048x2048.jpg 2048w, https:\/\/www.artecogroup.com\/wp-content\/uploads\/2025\/10\/Cassettiere-Mobili-di-Servizio-02-1568x1568.jpg 1568w\" sizes=\"auto, (max-width: 1024px) 100vw, 1024px\" \/><\/figure>\n\n<\/div>\n\n<div class=\"grids-area\" style=\"--_ga-column:1\/7;--_ga-row:5\/7;--_ga-m-desktop:0 0 0 0;--_ga-p-desktop:0 0 0 0;--_ga-bg-desktop:transparent none;--_ga-zi-desktop:auto;--_ga-d-desktop:flex;--_ga-mw-desktop:calc(100% - 0 - 0);--_ga-m-tablet:0 0 0 0;--_ga-p-tablet:0 0 0 0;--_ga-bg-tablet:transparent none;--_ga-zi-tablet:auto;--_ga-d-tablet:flex;--_ga-mw-tablet:calc(100% - 0 - 0);--_ga-m-mobile:0 0 0 0;--_ga-p-mobile:0 0 0 0;--_ga-bg-mobile:transparent none;--_ga-zi-mobile:auto;--_ga-d-mobile:flex;--_ga-mw-mobile:calc(100% - 0 - 0)\">\n\n<p>Caisson mobile \u00e0 3 tiroirs avec serrure int\u00e9gr\u00e9e, mont\u00e9 sur roulettes.<\/p>\n\n<\/div>\n\n<div class=\"grids-area\" style=\"--_ga-column:7\/13;--_ga-row:5\/7;--_ga-m-desktop:0 0 0 0;--_ga-p-desktop:0 0 0 0;--_ga-bg-desktop:transparent none;--_ga-zi-desktop:auto;--_ga-d-desktop:flex;--_ga-mw-desktop:calc(100% - 0 - 0);--_ga-m-tablet:0 0 0 0;--_ga-p-tablet:0 0 0 0;--_ga-bg-tablet:transparent none;--_ga-zi-tablet:auto;--_ga-d-tablet:flex;--_ga-mw-tablet:calc(100% - 0 - 0);--_ga-m-mobile:0 0 0 0;--_ga-p-mobile:0 0 0 0;--_ga-bg-mobile:transparent none;--_ga-zi-mobile:auto;--_ga-d-mobile:flex;--_ga-mw-mobile:calc(100% - 0 - 0)\">\n\n<p>Le tiroir inf\u00e9rieur peut \u00eatre utilis\u00e9 comme porte-sac.<\/p>\n\n<\/div>\n<\/div><\/div>\n\n<div  class=\"grids-section grids-is-advanced alignfull\" style=\"--_gs-gap-desktop:0px 0px;--_gs-m-desktop:0 0 0 0;--_gs-p-desktop:0 0 0 0;--_gs-bg-desktop:transparent none;--_gs-bg-xp-desktop:0px;--_gs-zi-desktop:auto;--_gs-d-desktop:block;--_gs-mw-desktop:calc(100% - 0 - 0);--_gs-gap-tablet:0px 0px;--_gs-m-tablet:0 0 0 0;--_gs-p-tablet:0 0 0 0;--_gs-bg-tablet:transparent none;--_gs-bg-xp-tablet:0px;--_gs-zi-tablet:auto;--_gs-d-tablet:block;--_gs-mw-tablet:calc(100% - 0 - 0);--_gs-gap-mobile:0px 0px;--_gs-m-mobile:0 0 0 0;--_gs-p-mobile:0 0 0 0;--_gs-bg-mobile:transparent none;--_gs-bg-xp-mobile:0px;--_gs-zi-mobile:auto;--_gs-d-mobile:block;--_gs-mw-mobile:calc(100% - 0 - 0);--_gs-columns:12;--_gs-rows:6\"><div class=\"grids-s-w_i\">\n<div class=\"grids-area\" style=\"--_ga-column:1\/5;--_ga-row:1\/5;--_ga-m-desktop:0 0 0 0;--_ga-p-desktop:0 0 0 0;--_ga-bg-desktop:transparent none;--_ga-zi-desktop:auto;--_ga-d-desktop:flex;--_ga-mw-desktop:calc(100% - 0 - 0);--_ga-m-tablet:0 0 0 0;--_ga-p-tablet:0 0 0 0;--_ga-bg-tablet:transparent none;--_ga-zi-tablet:auto;--_ga-d-tablet:flex;--_ga-mw-tablet:calc(100% - 0 - 0);--_ga-m-mobile:0 0 0 0;--_ga-p-mobile:0 0 0 0;--_ga-bg-mobile:transparent none;--_ga-zi-mobile:auto;--_ga-d-mobile:flex;--_ga-mw-mobile:calc(100% - 0 - 0)\">\n\n<figure class=\"wp-block-image size-large\"><img loading=\"lazy\" decoding=\"async\" width=\"1024\" height=\"1024\" src=\"https:\/\/www.artecogroup.com\/wp-content\/uploads\/2025\/10\/Cassettiere-Mobili-di-Servizio-15-1024x1024.jpg\" alt=\"\" class=\"wp-image-4227\" srcset=\"https:\/\/www.artecogroup.com\/wp-content\/uploads\/2025\/10\/Cassettiere-Mobili-di-Servizio-15-1024x1024.jpg 1024w, https:\/\/www.artecogroup.com\/wp-content\/uploads\/2025\/10\/Cassettiere-Mobili-di-Servizio-15-300x300.jpg 300w, https:\/\/www.artecogroup.com\/wp-content\/uploads\/2025\/10\/Cassettiere-Mobili-di-Servizio-15-150x150.jpg 150w, https:\/\/www.artecogroup.com\/wp-content\/uploads\/2025\/10\/Cassettiere-Mobili-di-Servizio-15-768x768.jpg 768w, https:\/\/www.artecogroup.com\/wp-content\/uploads\/2025\/10\/Cassettiere-Mobili-di-Servizio-15-1536x1536.jpg 1536w, https:\/\/www.artecogroup.com\/wp-content\/uploads\/2025\/10\/Cassettiere-Mobili-di-Servizio-15-2048x2048.jpg 2048w, https:\/\/www.artecogroup.com\/wp-content\/uploads\/2025\/10\/Cassettiere-Mobili-di-Servizio-15-1568x1568.jpg 1568w\" sizes=\"auto, (max-width: 1024px) 100vw, 1024px\" \/><\/figure>\n\n\n\n<p>Meuble de service mobile sur roulettes avec compartiment ouvert.<\/p>\n\n<\/div>\n\n<div class=\"grids-area\" style=\"--_ga-column:5\/9;--_ga-row:1\/5;--_ga-m-desktop:0 0 0 0;--_ga-p-desktop:0 0 0 0;--_ga-bg-desktop:transparent none;--_ga-zi-desktop:auto;--_ga-d-desktop:flex;--_ga-mw-desktop:calc(100% - 0 - 0);--_ga-m-tablet:0 0 0 0;--_ga-p-tablet:0 0 0 0;--_ga-bg-tablet:transparent none;--_ga-zi-tablet:auto;--_ga-d-tablet:flex;--_ga-mw-tablet:calc(100% - 0 - 0);--_ga-m-mobile:0 0 0 0;--_ga-p-mobile:0 0 0 0;--_ga-bg-mobile:transparent none;--_ga-zi-mobile:auto;--_ga-d-mobile:flex;--_ga-mw-mobile:calc(100% - 0 - 0)\">\n\n<figure class=\"wp-block-image size-large\"><img loading=\"lazy\" decoding=\"async\" width=\"1024\" height=\"1024\" src=\"https:\/\/www.artecogroup.com\/wp-content\/uploads\/2025\/10\/Cassettiere-Mobili-di-Servizio-13-1024x1024.jpg\" alt=\"\" class=\"wp-image-4219\" srcset=\"https:\/\/www.artecogroup.com\/wp-content\/uploads\/2025\/10\/Cassettiere-Mobili-di-Servizio-13-1024x1024.jpg 1024w, https:\/\/www.artecogroup.com\/wp-content\/uploads\/2025\/10\/Cassettiere-Mobili-di-Servizio-13-300x300.jpg 300w, https:\/\/www.artecogroup.com\/wp-content\/uploads\/2025\/10\/Cassettiere-Mobili-di-Servizio-13-150x150.jpg 150w, https:\/\/www.artecogroup.com\/wp-content\/uploads\/2025\/10\/Cassettiere-Mobili-di-Servizio-13-768x768.jpg 768w, https:\/\/www.artecogroup.com\/wp-content\/uploads\/2025\/10\/Cassettiere-Mobili-di-Servizio-13-1536x1536.jpg 1536w, https:\/\/www.artecogroup.com\/wp-content\/uploads\/2025\/10\/Cassettiere-Mobili-di-Servizio-13-2048x2048.jpg 2048w, https:\/\/www.artecogroup.com\/wp-content\/uploads\/2025\/10\/Cassettiere-Mobili-di-Servizio-13-1568x1568.jpg 1568w\" sizes=\"auto, (max-width: 1024px) 100vw, 1024px\" \/><\/figure>\n\n\n\n<p>Meuble de service avec caisson \u00e0 tiroirs et niche ouverte.<\/p>\n\n<\/div>\n\n<div class=\"grids-area\" style=\"--_ga-column:1\/5;--_ga-row:5\/7;--_ga-m-desktop:0 0 0 0;--_ga-p-desktop:0 0 0 0;--_ga-bg-desktop:transparent none;--_ga-zi-desktop:auto;--_ga-d-desktop:flex;--_ga-mw-desktop:calc(100% - 0 - 0);--_ga-m-tablet:0 0 0 0;--_ga-p-tablet:0 0 0 0;--_ga-bg-tablet:transparent none;--_ga-zi-tablet:auto;--_ga-d-tablet:flex;--_ga-mw-tablet:calc(100% - 0 - 0);--_ga-m-mobile:0 0 0 0;--_ga-p-mobile:0 0 0 0;--_ga-bg-mobile:transparent none;--_ga-zi-mobile:auto;--_ga-d-mobile:flex;--_ga-mw-mobile:calc(100% - 0 - 0)\">\n\n\n\n\n\n<figure class=\"wp-block-image size-large\"><img loading=\"lazy\" decoding=\"async\" width=\"1024\" height=\"1024\" src=\"https:\/\/www.artecogroup.com\/wp-content\/uploads\/2025\/10\/Cassettiere-Mobili-di-Servizio-10-1024x1024.jpg\" alt=\"\" class=\"wp-image-4210\" srcset=\"https:\/\/www.artecogroup.com\/wp-content\/uploads\/2025\/10\/Cassettiere-Mobili-di-Servizio-10-1024x1024.jpg 1024w, https:\/\/www.artecogroup.com\/wp-content\/uploads\/2025\/10\/Cassettiere-Mobili-di-Servizio-10-300x300.jpg 300w, https:\/\/www.artecogroup.com\/wp-content\/uploads\/2025\/10\/Cassettiere-Mobili-di-Servizio-10-150x150.jpg 150w, https:\/\/www.artecogroup.com\/wp-content\/uploads\/2025\/10\/Cassettiere-Mobili-di-Servizio-10-768x768.jpg 768w, https:\/\/www.artecogroup.com\/wp-content\/uploads\/2025\/10\/Cassettiere-Mobili-di-Servizio-10-1536x1536.jpg 1536w, https:\/\/www.artecogroup.com\/wp-content\/uploads\/2025\/10\/Cassettiere-Mobili-di-Servizio-10-2048x2048.jpg 2048w, https:\/\/www.artecogroup.com\/wp-content\/uploads\/2025\/10\/Cassettiere-Mobili-di-Servizio-10-1568x1568.jpg 1568w\" sizes=\"auto, (max-width: 1024px) 100vw, 1024px\" \/><\/figure>\n\n\n\n<p>\u00c9l\u00e9ment coulissant vertical avec 3 compartiments.<\/p>\n\n<\/div>\n\n<div class=\"grids-area\" style=\"--_ga-column:5\/9;--_ga-row:5\/7;--_ga-m-desktop:0 0 0 0;--_ga-p-desktop:0 0 0 0;--_ga-bg-desktop:transparent none;--_ga-zi-desktop:auto;--_ga-d-desktop:flex;--_ga-mw-desktop:calc(100% - 0 - 0);--_ga-m-tablet:0 0 0 0;--_ga-p-tablet:0 0 0 0;--_ga-bg-tablet:transparent none;--_ga-zi-tablet:auto;--_ga-d-tablet:flex;--_ga-mw-tablet:calc(100% - 0 - 0);--_ga-m-mobile:0 0 0 0;--_ga-p-mobile:0 0 0 0;--_ga-bg-mobile:transparent none;--_ga-zi-mobile:auto;--_ga-d-mobile:flex;--_ga-mw-mobile:calc(100% - 0 - 0)\">\n\n\n\n\n\n<figure class=\"wp-block-image size-large\"><img loading=\"lazy\" decoding=\"async\" width=\"1024\" height=\"1024\" src=\"https:\/\/www.artecogroup.com\/wp-content\/uploads\/2025\/10\/Cassettiere-Mobili-di-Servizio-09-1024x1024.jpg\" alt=\"\" class=\"wp-image-4207\" srcset=\"https:\/\/www.artecogroup.com\/wp-content\/uploads\/2025\/10\/Cassettiere-Mobili-di-Servizio-09-1024x1024.jpg 1024w, https:\/\/www.artecogroup.com\/wp-content\/uploads\/2025\/10\/Cassettiere-Mobili-di-Servizio-09-300x300.jpg 300w, https:\/\/www.artecogroup.com\/wp-content\/uploads\/2025\/10\/Cassettiere-Mobili-di-Servizio-09-150x150.jpg 150w, https:\/\/www.artecogroup.com\/wp-content\/uploads\/2025\/10\/Cassettiere-Mobili-di-Servizio-09-768x768.jpg 768w, https:\/\/www.artecogroup.com\/wp-content\/uploads\/2025\/10\/Cassettiere-Mobili-di-Servizio-09-1536x1536.jpg 1536w, https:\/\/www.artecogroup.com\/wp-content\/uploads\/2025\/10\/Cassettiere-Mobili-di-Servizio-09-2048x2048.jpg 2048w, https:\/\/www.artecogroup.com\/wp-content\/uploads\/2025\/10\/Cassettiere-Mobili-di-Servizio-09-1568x1568.jpg 1568w\" sizes=\"auto, (max-width: 1024px) 100vw, 1024px\" \/><\/figure>\n\n\n\n<p>\u00c9l\u00e9ment coulissant vertical avec 4 compartiments.<\/p>\n\n<\/div>\n\n<div class=\"grids-area\" style=\"--_ga-column:9\/13;--_ga-row:1\/5;--_ga-m-desktop:0 0 0 0;--_ga-p-desktop:0 0 0 0;--_ga-bg-desktop:transparent none;--_ga-zi-desktop:auto;--_ga-d-desktop:flex;--_ga-mw-desktop:calc(100% - 0 - 0);--_ga-m-tablet:0 0 0 0;--_ga-p-tablet:0 0 0 0;--_ga-bg-tablet:transparent none;--_ga-zi-tablet:auto;--_ga-d-tablet:flex;--_ga-mw-tablet:calc(100% - 0 - 0);--_ga-m-mobile:0 0 0 0;--_ga-p-mobile:0 0 0 0;--_ga-bg-mobile:transparent none;--_ga-zi-mobile:auto;--_ga-d-mobile:flex;--_ga-mw-mobile:calc(100% - 0 - 0)\">\n\n<figure class=\"wp-block-image size-large\"><img loading=\"lazy\" decoding=\"async\" width=\"1024\" height=\"1024\" src=\"https:\/\/www.artecogroup.com\/wp-content\/uploads\/2025\/10\/Cassettiere-Mobili-di-Servizio-14-1024x1024.jpg\" alt=\"\" class=\"wp-image-4222\" srcset=\"https:\/\/www.artecogroup.com\/wp-content\/uploads\/2025\/10\/Cassettiere-Mobili-di-Servizio-14-1024x1024.jpg 1024w, https:\/\/www.artecogroup.com\/wp-content\/uploads\/2025\/10\/Cassettiere-Mobili-di-Servizio-14-300x300.jpg 300w, https:\/\/www.artecogroup.com\/wp-content\/uploads\/2025\/10\/Cassettiere-Mobili-di-Servizio-14-150x150.jpg 150w, https:\/\/www.artecogroup.com\/wp-content\/uploads\/2025\/10\/Cassettiere-Mobili-di-Servizio-14-768x768.jpg 768w, https:\/\/www.artecogroup.com\/wp-content\/uploads\/2025\/10\/Cassettiere-Mobili-di-Servizio-14-1536x1536.jpg 1536w, https:\/\/www.artecogroup.com\/wp-content\/uploads\/2025\/10\/Cassettiere-Mobili-di-Servizio-14-2048x2048.jpg 2048w, https:\/\/www.artecogroup.com\/wp-content\/uploads\/2025\/10\/Cassettiere-Mobili-di-Servizio-14-1568x1568.jpg 1568w\" sizes=\"auto, (max-width: 1024px) 100vw, 1024px\" \/><\/figure>\n\n\n\n<p>Meuble de service avec caisson \u00e0 tiroirs et porte.<\/p>\n\n<\/div>\n\n<div class=\"grids-area\" style=\"--_ga-column:9\/13;--_ga-row:5\/7;--_ga-m-desktop:0 0 0 0;--_ga-p-desktop:0 0 0 0;--_ga-bg-desktop:transparent none;--_ga-zi-desktop:auto;--_ga-d-desktop:flex;--_ga-mw-desktop:calc(100% - 0 - 0);--_ga-m-tablet:0 0 0 0;--_ga-p-tablet:0 0 0 0;--_ga-bg-tablet:transparent none;--_ga-zi-tablet:auto;--_ga-d-tablet:flex;--_ga-mw-tablet:calc(100% - 0 - 0);--_ga-m-mobile:0 0 0 0;--_ga-p-mobile:0 0 0 0;--_ga-bg-mobile:transparent none;--_ga-zi-mobile:auto;--_ga-d-mobile:flex;--_ga-mw-mobile:calc(100% - 0 - 0)\">\n\n\n\n<\/div>\n<\/div><\/div>","protected":false},"excerpt":{"rendered":"","protected":false},"author":2,"featured_media":4178,"template":"","meta":{"_acf_changed":false,"_uag_custom_page_level_css":"","footnotes":""},"collections":[41],"product-categories":[],"class_list":["post-1804","product","type-product","status-publish","has-post-thumbnail","hentry","entry"],"acf":[],"yoast_head":"<!-- This site is optimized with the Yoast SEO plugin v26.0 - https:\/\/yoast.com\/wordpress\/plugins\/seo\/ -->\n<title>Caissons et meubles de service - Arteco<\/title>\n<meta name=\"robots\" content=\"index, follow, max-snippet:-1, max-image-preview:large, max-video-preview:-1\" \/>\n<link rel=\"canonical\" href=\"https:\/\/www.artecogroup.com\/fr\/product\/cassettiere-e-mobili-di-servizio\/\" \/>\n<meta property=\"og:locale\" content=\"fr_FR\" \/>\n<meta property=\"og:type\" content=\"article\" \/>\n<meta property=\"og:title\" content=\"Caissons et meubles de service - Arteco\" \/>\n<meta property=\"og:url\" content=\"https:\/\/www.artecogroup.com\/fr\/product\/cassettiere-e-mobili-di-servizio\/\" \/>\n<meta property=\"og:site_name\" content=\"Arteco\" \/>\n<meta property=\"article:modified_time\" content=\"2025-10-23T07:54:42+00:00\" \/>\n<meta property=\"og:image\" content=\"https:\/\/www.artecogroup.com\/wp-content\/uploads\/2025\/10\/cass.-mob.-cop-scaled.webp\" \/>\n\t<meta property=\"og:image:width\" content=\"2560\" \/>\n\t<meta property=\"og:image:height\" content=\"1280\" \/>\n\t<meta property=\"og:image:type\" content=\"image\/webp\" \/>\n<meta name=\"twitter:card\" content=\"summary_large_image\" \/>\n<meta name=\"twitter:label1\" content=\"Dur\u00e9e de lecture estim\u00e9e\" \/>\n\t<meta name=\"twitter:data1\" content=\"2 minutes\" \/>\n<script type=\"application\/ld+json\" class=\"yoast-schema-graph\">{\"@context\":\"https:\/\/schema.org\",\"@graph\":[{\"@type\":\"WebPage\",\"@id\":\"https:\/\/www.artecogroup.com\/fr\/product\/cassettiere-e-mobili-di-servizio\/\",\"url\":\"https:\/\/www.artecogroup.com\/fr\/product\/cassettiere-e-mobili-di-servizio\/\",\"name\":\"Caissons et meubles de service - Arteco\",\"isPartOf\":{\"@id\":\"https:\/\/www.artecogroup.com\/fr\/#website\"},\"primaryImageOfPage\":{\"@id\":\"https:\/\/www.artecogroup.com\/fr\/product\/cassettiere-e-mobili-di-servizio\/#primaryimage\"},\"image\":{\"@id\":\"https:\/\/www.artecogroup.com\/fr\/product\/cassettiere-e-mobili-di-servizio\/#primaryimage\"},\"thumbnailUrl\":\"https:\/\/www.artecogroup.com\/wp-content\/uploads\/2025\/10\/cass.-mob.-cop-scaled.webp\",\"datePublished\":\"2021-05-26T12:22:32+00:00\",\"dateModified\":\"2025-10-23T07:54:42+00:00\",\"breadcrumb\":{\"@id\":\"https:\/\/www.artecogroup.com\/fr\/product\/cassettiere-e-mobili-di-servizio\/#breadcrumb\"},\"inLanguage\":\"fr-FR\",\"potentialAction\":[{\"@type\":\"ReadAction\",\"target\":[\"https:\/\/www.artecogroup.com\/fr\/product\/cassettiere-e-mobili-di-servizio\/\"]}]},{\"@type\":\"ImageObject\",\"inLanguage\":\"fr-FR\",\"@id\":\"https:\/\/www.artecogroup.com\/fr\/product\/cassettiere-e-mobili-di-servizio\/#primaryimage\",\"url\":\"https:\/\/www.artecogroup.com\/wp-content\/uploads\/2025\/10\/cass.-mob.-cop-scaled.webp\",\"contentUrl\":\"https:\/\/www.artecogroup.com\/wp-content\/uploads\/2025\/10\/cass.-mob.-cop-scaled.webp\",\"width\":2560,\"height\":1280},{\"@type\":\"BreadcrumbList\",\"@id\":\"https:\/\/www.artecogroup.com\/fr\/product\/cassettiere-e-mobili-di-servizio\/#breadcrumb\",\"itemListElement\":[{\"@type\":\"ListItem\",\"position\":1,\"name\":\"Home\",\"item\":\"https:\/\/www.artecogroup.com\/fr\/\"},{\"@type\":\"ListItem\",\"position\":2,\"name\":\"Caissons et meubles de service\"}]},{\"@type\":\"WebSite\",\"@id\":\"https:\/\/www.artecogroup.com\/fr\/#website\",\"url\":\"https:\/\/www.artecogroup.com\/fr\/\",\"name\":\"Arteco\",\"description\":\"\",\"potentialAction\":[{\"@type\":\"SearchAction\",\"target\":{\"@type\":\"EntryPoint\",\"urlTemplate\":\"https:\/\/www.artecogroup.com\/fr\/?s={search_term_string}\"},\"query-input\":{\"@type\":\"PropertyValueSpecification\",\"valueRequired\":true,\"valueName\":\"search_term_string\"}}],\"inLanguage\":\"fr-FR\"}]}<\/script>\n<!-- \/ Yoast SEO plugin. -->","yoast_head_json":{"title":"Caissons et meubles de service - Arteco","robots":{"index":"index","follow":"follow","max-snippet":"max-snippet:-1","max-image-preview":"max-image-preview:large","max-video-preview":"max-video-preview:-1"},"canonical":"https:\/\/www.artecogroup.com\/fr\/product\/cassettiere-e-mobili-di-servizio\/","og_locale":"fr_FR","og_type":"article","og_title":"Caissons et meubles de service - Arteco","og_url":"https:\/\/www.artecogroup.com\/fr\/product\/cassettiere-e-mobili-di-servizio\/","og_site_name":"Arteco","article_modified_time":"2025-10-23T07:54:42+00:00","og_image":[{"width":2560,"height":1280,"url":"https:\/\/www.artecogroup.com\/wp-content\/uploads\/2025\/10\/cass.-mob.-cop-scaled.webp","type":"image\/webp"}],"twitter_card":"summary_large_image","twitter_misc":{"Dur\u00e9e de lecture estim\u00e9e":"2 minutes"},"schema":{"@context":"https:\/\/schema.org","@graph":[{"@type":"WebPage","@id":"https:\/\/www.artecogroup.com\/fr\/product\/cassettiere-e-mobili-di-servizio\/","url":"https:\/\/www.artecogroup.com\/fr\/product\/cassettiere-e-mobili-di-servizio\/","name":"Caissons et meubles de service - Arteco","isPartOf":{"@id":"https:\/\/www.artecogroup.com\/fr\/#website"},"primaryImageOfPage":{"@id":"https:\/\/www.artecogroup.com\/fr\/product\/cassettiere-e-mobili-di-servizio\/#primaryimage"},"image":{"@id":"https:\/\/www.artecogroup.com\/fr\/product\/cassettiere-e-mobili-di-servizio\/#primaryimage"},"thumbnailUrl":"https:\/\/www.artecogroup.com\/wp-content\/uploads\/2025\/10\/cass.-mob.-cop-scaled.webp","datePublished":"2021-05-26T12:22:32+00:00","dateModified":"2025-10-23T07:54:42+00:00","breadcrumb":{"@id":"https:\/\/www.artecogroup.com\/fr\/product\/cassettiere-e-mobili-di-servizio\/#breadcrumb"},"inLanguage":"fr-FR","potentialAction":[{"@type":"ReadAction","target":["https:\/\/www.artecogroup.com\/fr\/product\/cassettiere-e-mobili-di-servizio\/"]}]},{"@type":"ImageObject","inLanguage":"fr-FR","@id":"https:\/\/www.artecogroup.com\/fr\/product\/cassettiere-e-mobili-di-servizio\/#primaryimage","url":"https:\/\/www.artecogroup.com\/wp-content\/uploads\/2025\/10\/cass.-mob.-cop-scaled.webp","contentUrl":"https:\/\/www.artecogroup.com\/wp-content\/uploads\/2025\/10\/cass.-mob.-cop-scaled.webp","width":2560,"height":1280},{"@type":"BreadcrumbList","@id":"https:\/\/www.artecogroup.com\/fr\/product\/cassettiere-e-mobili-di-servizio\/#breadcrumb","itemListElement":[{"@type":"ListItem","position":1,"name":"Home","item":"https:\/\/www.artecogroup.com\/fr\/"},{"@type":"ListItem","position":2,"name":"Caissons et meubles de service"}]},{"@type":"WebSite","@id":"https:\/\/www.artecogroup.com\/fr\/#website","url":"https:\/\/www.artecogroup.com\/fr\/","name":"Arteco","description":"","potentialAction":[{"@type":"SearchAction","target":{"@type":"EntryPoint","urlTemplate":"https:\/\/www.artecogroup.com\/fr\/?s={search_term_string}"},"query-input":{"@type":"PropertyValueSpecification","valueRequired":true,"valueName":"search_term_string"}}],"inLanguage":"fr-FR"}]}},"uagb_featured_image_src":{"full":["https:\/\/www.artecogroup.com\/wp-content\/uploads\/2025\/10\/cass.-mob.-cop-scaled.webp",2560,1280,false],"thumbnail":["https:\/\/www.artecogroup.com\/wp-content\/uploads\/2025\/10\/cass.-mob.-cop-150x150.webp",150,150,true],"medium":["https:\/\/www.artecogroup.com\/wp-content\/uploads\/2025\/10\/cass.-mob.-cop-300x150.webp",300,150,true],"medium_large":["https:\/\/www.artecogroup.com\/wp-content\/uploads\/2025\/10\/cass.-mob.-cop-768x384.webp",750,375,true],"large":["https:\/\/www.artecogroup.com\/wp-content\/uploads\/2025\/10\/cass.-mob.-cop-1024x512.webp",750,375,true],"1536x1536":["https:\/\/www.artecogroup.com\/wp-content\/uploads\/2025\/10\/cass.-mob.-cop-1536x768.webp",1536,768,true],"2048x2048":["https:\/\/www.artecogroup.com\/wp-content\/uploads\/2025\/10\/cass.-mob.-cop-2048x1024.webp",2048,1024,true],"post-thumbnail":["https:\/\/www.artecogroup.com\/wp-content\/uploads\/2025\/10\/cass.-mob.-cop-1568x784.webp",1568,784,true]},"uagb_author_info":{"display_name":"ArtecoGroup","author_link":"https:\/\/www.artecogroup.com\/fr\/author\/artecogroup\/"},"uagb_comment_info":0,"uagb_excerpt":null,"_links":{"self":[{"href":"https:\/\/www.artecogroup.com\/fr\/wp-json\/wp\/v2\/product\/1804","targetHints":{"allow":["GET"]}}],"collection":[{"href":"https:\/\/www.artecogroup.com\/fr\/wp-json\/wp\/v2\/product"}],"about":[{"href":"https:\/\/www.artecogroup.com\/fr\/wp-json\/wp\/v2\/types\/product"}],"author":[{"embeddable":true,"href":"https:\/\/www.artecogroup.com\/fr\/wp-json\/wp\/v2\/users\/2"}],"version-history":[{"count":4,"href":"https:\/\/www.artecogroup.com\/fr\/wp-json\/wp\/v2\/product\/1804\/revisions"}],"predecessor-version":[{"id":4950,"href":"https:\/\/www.artecogroup.com\/fr\/wp-json\/wp\/v2\/product\/1804\/revisions\/4950"}],"wp:featuredmedia":[{"embeddable":true,"href":"https:\/\/www.artecogroup.com\/fr\/wp-json\/wp\/v2\/media\/4178"}],"wp:attachment":[{"href":"https:\/\/www.artecogroup.com\/fr\/wp-json\/wp\/v2\/media?parent=1804"}],"wp:term":[{"taxonomy":"collections","embeddable":true,"href":"https:\/\/www.artecogroup.com\/fr\/wp-json\/wp\/v2\/collections?post=1804"},{"taxonomy":"product-categories","embeddable":true,"href":"https:\/\/www.artecogroup.com\/fr\/wp-json\/wp\/v2\/product-categories?post=1804"}],"curies":[{"name":"wp","href":"https:\/\/api.w.org\/{rel}","templated":true}]}}