{"id":1880,"date":"2021-05-25T13:35:23","date_gmt":"2021-05-25T11:35:23","guid":{"rendered":"https:\/\/www.artecogroup.com\/product\/shape\/"},"modified":"2025-10-23T10:46:19","modified_gmt":"2025-10-23T08:46:19","slug":"shape","status":"publish","type":"product","link":"https:\/\/www.artecogroup.com\/fr\/product\/shape\/","title":{"rendered":"Shape"},"content":{"rendered":"<div  class=\"grids-section grids-is-advanced alignfull\" style=\"--_gs-gap-desktop:0px 0px;--_gs-m-desktop:0 0 0 0;--_gs-p-desktop:0 0 0 0;--_gs-bg-desktop:transparent none;--_gs-bg-xp-desktop:0px;--_gs-zi-desktop:auto;--_gs-d-desktop:block;--_gs-mw-desktop:calc(100% - 0 - 0);--_gs-gap-tablet:0px 0px;--_gs-m-tablet:0 0 0 0;--_gs-p-tablet:0 0 0 0;--_gs-bg-tablet:transparent none;--_gs-bg-xp-tablet:0px;--_gs-zi-tablet:auto;--_gs-d-tablet:block;--_gs-mw-tablet:calc(100% - 0 - 0);--_gs-gap-mobile:0px 0px;--_gs-m-mobile:0 0 0 0;--_gs-p-mobile:0 0 0 0;--_gs-bg-mobile:transparent none;--_gs-bg-xp-mobile:0px;--_gs-zi-mobile:auto;--_gs-d-mobile:block;--_gs-mw-mobile:calc(100% - 0 - 0);--_gs-columns:12;--_gs-rows:6\"><div class=\"grids-s-w_i\">\n<div class=\"grids-area\" style=\"--_ga-column:1\/6;--_ga-row:1\/4;--_ga-va:center;--_ga-m-desktop:0 0 0 0;--_ga-p-desktop:0 0 0 0;--_ga-bg-desktop:transparent none;--_ga-zi-desktop:auto;--_ga-d-desktop:flex;--_ga-mw-desktop:calc(100% - 0 - 0);--_ga-m-tablet:0 0 0 0;--_ga-p-tablet:0 0 0 0;--_ga-bg-tablet:transparent none;--_ga-zi-tablet:auto;--_ga-d-tablet:flex;--_ga-mw-tablet:calc(100% - 0 - 0);--_ga-m-mobile:0 0 0 0;--_ga-p-mobile:0 0 0 0;--_ga-bg-mobile:transparent none;--_ga-zi-mobile:auto;--_ga-d-mobile:flex;--_ga-mw-mobile:calc(100% - 0 - 0)\">\n\n<p>La couleur gris anthracite associ\u00e9e au raffinement de gres Noir Desir cr\u00e9ent une ambiance glamour.<\/p>\n\n<\/div>\n\n<div class=\"grids-area\" style=\"--_ga-column:6\/13;--_ga-row:1\/4;--_ga-va:center;--_ga-m-desktop:0 0 0 0;--_ga-p-desktop:0 0 0 0;--_ga-bg-desktop:transparent none;--_ga-zi-desktop:auto;--_ga-d-desktop:flex;--_ga-mw-desktop:calc(100% - 0 - 0);--_ga-m-tablet:0 0 0 0;--_ga-p-tablet:0 0 0 0;--_ga-bg-tablet:transparent none;--_ga-zi-tablet:auto;--_ga-d-tablet:flex;--_ga-mw-tablet:calc(100% - 0 - 0);--_ga-m-mobile:0 0 0 0;--_ga-p-mobile:0 0 0 0;--_ga-bg-mobile:transparent none;--_ga-zi-mobile:auto;--_ga-d-mobile:flex;--_ga-mw-mobile:calc(100% - 0 - 0)\">\n\n<figure class=\"wp-block-image size-large\"><img loading=\"lazy\" decoding=\"async\" width=\"1024\" height=\"1024\" src=\"https:\/\/www.artecogroup.com\/wp-content\/uploads\/2025\/10\/Shape-01-1024x1024.jpg\" alt=\"\" class=\"wp-image-3776\" srcset=\"https:\/\/www.artecogroup.com\/wp-content\/uploads\/2025\/10\/Shape-01-1024x1024.jpg 1024w, https:\/\/www.artecogroup.com\/wp-content\/uploads\/2025\/10\/Shape-01-300x300.jpg 300w, https:\/\/www.artecogroup.com\/wp-content\/uploads\/2025\/10\/Shape-01-150x150.jpg 150w, https:\/\/www.artecogroup.com\/wp-content\/uploads\/2025\/10\/Shape-01-768x768.jpg 768w, https:\/\/www.artecogroup.com\/wp-content\/uploads\/2025\/10\/Shape-01-1536x1536.jpg 1536w, https:\/\/www.artecogroup.com\/wp-content\/uploads\/2025\/10\/Shape-01-2048x2048.jpg 2048w, https:\/\/www.artecogroup.com\/wp-content\/uploads\/2025\/10\/Shape-01-1568x1568.jpg 1568w\" sizes=\"auto, (max-width: 1024px) 100vw, 1024px\" \/><\/figure>\n\n<\/div>\n<\/div><\/div>\n\n<div  class=\"grids-section grids-is-advanced alignfull\" style=\"--_gs-gap-desktop:0px 0px;--_gs-m-desktop:0 0 0 0;--_gs-p-desktop:0 0 0 0;--_gs-bg-desktop:transparent none;--_gs-bg-xp-desktop:0px;--_gs-zi-desktop:auto;--_gs-d-desktop:block;--_gs-mw-desktop:calc(100% - 0 - 0);--_gs-gap-tablet:0px 0px;--_gs-m-tablet:0 0 0 0;--_gs-p-tablet:0 0 0 0;--_gs-bg-tablet:transparent none;--_gs-bg-xp-tablet:0px;--_gs-zi-tablet:auto;--_gs-d-tablet:block;--_gs-mw-tablet:calc(100% - 0 - 0);--_gs-gap-mobile:0px 0px;--_gs-m-mobile:0 0 0 0;--_gs-p-mobile:0 0 0 0;--_gs-bg-mobile:transparent none;--_gs-bg-xp-mobile:0px;--_gs-zi-mobile:auto;--_gs-d-mobile:block;--_gs-mw-mobile:calc(100% - 0 - 0);--_gs-columns:12;--_gs-rows:6\"><div class=\"grids-s-w_i\">\n<div class=\"grids-area\" style=\"--_ga-column:1\/13;--_ga-row:1\/7;--_ga-va:center;--_ga-m-desktop:0 0 0 0;--_ga-p-desktop:0 0 0 0;--_ga-bg-desktop:transparent none;--_ga-zi-desktop:auto;--_ga-d-desktop:flex;--_ga-mw-desktop:calc(100% - 0 - 0);--_ga-m-tablet:0 0 0 0;--_ga-p-tablet:0 0 0 0;--_ga-bg-tablet:transparent none;--_ga-zi-tablet:auto;--_ga-d-tablet:flex;--_ga-mw-tablet:calc(100% - 0 - 0);--_ga-m-mobile:0 0 0 0;--_ga-p-mobile:0 0 0 0;--_ga-bg-mobile:transparent none;--_ga-zi-mobile:auto;--_ga-d-mobile:flex;--_ga-mw-mobile:calc(100% - 0 - 0)\">\n\n<figure class=\"wp-block-image size-large\"><img loading=\"lazy\" decoding=\"async\" width=\"1024\" height=\"607\" src=\"https:\/\/www.artecogroup.com\/wp-content\/uploads\/2025\/10\/Shape-12-1024x607.jpg\" alt=\"\" class=\"wp-image-3806\" srcset=\"https:\/\/www.artecogroup.com\/wp-content\/uploads\/2025\/10\/Shape-12-1024x607.jpg 1024w, https:\/\/www.artecogroup.com\/wp-content\/uploads\/2025\/10\/Shape-12-300x178.jpg 300w, https:\/\/www.artecogroup.com\/wp-content\/uploads\/2025\/10\/Shape-12-768x455.jpg 768w, https:\/\/www.artecogroup.com\/wp-content\/uploads\/2025\/10\/Shape-12-1536x910.jpg 1536w, https:\/\/www.artecogroup.com\/wp-content\/uploads\/2025\/10\/Shape-12-2048x1214.jpg 2048w, https:\/\/www.artecogroup.com\/wp-content\/uploads\/2025\/10\/Shape-12-1568x929.jpg 1568w\" sizes=\"auto, (max-width: 1024px) 100vw, 1024px\" \/><\/figure>\n\n<\/div>\n<\/div><\/div>\n\n<div  class=\"grids-section grids-is-advanced alignfull\" style=\"--_gs-gap-desktop:0px 0px;--_gs-m-desktop:0 0 0 0;--_gs-p-desktop:0 0 0 0;--_gs-bg-desktop:transparent none;--_gs-bg-xp-desktop:0px;--_gs-zi-desktop:auto;--_gs-d-desktop:block;--_gs-mw-desktop:calc(100% - 0 - 0);--_gs-gap-tablet:0px 0px;--_gs-m-tablet:0 0 0 0;--_gs-p-tablet:0 0 0 0;--_gs-bg-tablet:transparent none;--_gs-bg-xp-tablet:0px;--_gs-zi-tablet:auto;--_gs-d-tablet:block;--_gs-mw-tablet:calc(100% - 0 - 0);--_gs-gap-mobile:0px 0px;--_gs-m-mobile:0 0 0 0;--_gs-p-mobile:0 0 0 0;--_gs-bg-mobile:transparent none;--_gs-bg-xp-mobile:0px;--_gs-zi-mobile:auto;--_gs-d-mobile:block;--_gs-mw-mobile:calc(100% - 0 - 0);--_gs-columns:12;--_gs-rows:6\"><div class=\"grids-s-w_i\">\n<div class=\"grids-area\" style=\"--_ga-column:1\/7;--_ga-row:1\/5;--_ga-va:center;--_ga-m-desktop:0 0 0 0;--_ga-p-desktop:0 0 0 0;--_ga-bg-desktop:transparent none;--_ga-zi-desktop:auto;--_ga-d-desktop:flex;--_ga-mw-desktop:calc(100% - 0 - 0);--_ga-m-tablet:0 0 0 0;--_ga-p-tablet:0 0 0 0;--_ga-bg-tablet:transparent none;--_ga-zi-tablet:auto;--_ga-d-tablet:flex;--_ga-mw-tablet:calc(100% - 0 - 0);--_ga-m-mobile:0 0 0 0;--_ga-p-mobile:0 0 0 0;--_ga-bg-mobile:transparent none;--_ga-zi-mobile:auto;--_ga-d-mobile:flex;--_ga-mw-mobile:calc(100% - 0 - 0)\">\n\n<figure class=\"wp-block-image size-large\"><img loading=\"lazy\" decoding=\"async\" width=\"864\" height=\"1024\" src=\"https:\/\/www.artecogroup.com\/wp-content\/uploads\/2025\/10\/Shape-02-864x1024.jpg\" alt=\"\" class=\"wp-image-3785\" srcset=\"https:\/\/www.artecogroup.com\/wp-content\/uploads\/2025\/10\/Shape-02-864x1024.jpg 864w, https:\/\/www.artecogroup.com\/wp-content\/uploads\/2025\/10\/Shape-02-253x300.jpg 253w, https:\/\/www.artecogroup.com\/wp-content\/uploads\/2025\/10\/Shape-02-768x910.jpg 768w, https:\/\/www.artecogroup.com\/wp-content\/uploads\/2025\/10\/Shape-02-1297x1536.jpg 1297w, https:\/\/www.artecogroup.com\/wp-content\/uploads\/2025\/10\/Shape-02-1729x2048.jpg 1729w, https:\/\/www.artecogroup.com\/wp-content\/uploads\/2025\/10\/Shape-02-1568x1858.jpg 1568w\" sizes=\"auto, (max-width: 864px) 100vw, 864px\" \/><\/figure>\n\n\n\n<p>Le gr\u00e8s Noir D\u00e9sir, mis en valeur par le contraste avec le noir, cr\u00e9e une\u00a0atmosph\u00e8re harmonieuse et minimaliste.<\/p>\n\n<\/div>\n\n<div class=\"grids-area\" style=\"--_ga-column:7\/13;--_ga-row:1\/5;--_ga-va:center;--_ga-m-desktop:0 0 0 0;--_ga-p-desktop:0 0 0 0;--_ga-bg-desktop:transparent none;--_ga-zi-desktop:auto;--_ga-d-desktop:flex;--_ga-mw-desktop:calc(100% - 0 - 0);--_ga-m-tablet:0 0 0 0;--_ga-p-tablet:0 0 0 0;--_ga-bg-tablet:transparent none;--_ga-zi-tablet:auto;--_ga-d-tablet:flex;--_ga-mw-tablet:calc(100% - 0 - 0);--_ga-m-mobile:0 0 0 0;--_ga-p-mobile:0 0 0 0;--_ga-bg-mobile:transparent none;--_ga-zi-mobile:auto;--_ga-d-mobile:flex;--_ga-mw-mobile:calc(100% - 0 - 0)\">\n\n<figure class=\"wp-block-image size-large\"><img loading=\"lazy\" decoding=\"async\" width=\"864\" height=\"1024\" src=\"https:\/\/www.artecogroup.com\/wp-content\/uploads\/2025\/10\/Shape-04-864x1024.jpg\" alt=\"\" class=\"wp-image-3791\" srcset=\"https:\/\/www.artecogroup.com\/wp-content\/uploads\/2025\/10\/Shape-04-864x1024.jpg 864w, https:\/\/www.artecogroup.com\/wp-content\/uploads\/2025\/10\/Shape-04-253x300.jpg 253w, https:\/\/www.artecogroup.com\/wp-content\/uploads\/2025\/10\/Shape-04-768x910.jpg 768w, https:\/\/www.artecogroup.com\/wp-content\/uploads\/2025\/10\/Shape-04-1296x1536.jpg 1296w, https:\/\/www.artecogroup.com\/wp-content\/uploads\/2025\/10\/Shape-04-1728x2048.jpg 1728w, https:\/\/www.artecogroup.com\/wp-content\/uploads\/2025\/10\/Shape-04-1568x1859.jpg 1568w\" sizes=\"auto, (max-width: 864px) 100vw, 864px\" \/><\/figure>\n\n<\/div>\n<\/div><\/div>\n\n<div  class=\"grids-section grids-is-advanced alignfull\" style=\"--_gs-gap-desktop:0px 0px;--_gs-m-desktop:0 0 0 0;--_gs-p-desktop:0 0 0 0;--_gs-bg-desktop:transparent none;--_gs-bg-xp-desktop:0px;--_gs-zi-desktop:auto;--_gs-d-desktop:block;--_gs-mw-desktop:calc(100% - 0 - 0);--_gs-gap-tablet:0px 0px;--_gs-m-tablet:0 0 0 0;--_gs-p-tablet:0 0 0 0;--_gs-bg-tablet:transparent none;--_gs-bg-xp-tablet:0px;--_gs-zi-tablet:auto;--_gs-d-tablet:block;--_gs-mw-tablet:calc(100% - 0 - 0);--_gs-gap-mobile:0px 0px;--_gs-m-mobile:0 0 0 0;--_gs-p-mobile:0 0 0 0;--_gs-bg-mobile:transparent none;--_gs-bg-xp-mobile:0px;--_gs-zi-mobile:auto;--_gs-d-mobile:block;--_gs-mw-mobile:calc(100% - 0 - 0);--_gs-columns:12;--_gs-rows:6\"><div class=\"grids-s-w_i\">\n<div class=\"grids-area\" style=\"--_ga-column:7\/13;--_ga-row:1\/8;--_ga-m-desktop:0 0 0 0;--_ga-p-desktop:0 0 0 0;--_ga-bg-desktop:transparent none;--_ga-zi-desktop:auto;--_ga-d-desktop:flex;--_ga-mw-desktop:calc(100% - 0 - 0);--_ga-m-tablet:0 0 0 0;--_ga-p-tablet:0 0 0 0;--_ga-bg-tablet:transparent none;--_ga-zi-tablet:auto;--_ga-d-tablet:flex;--_ga-mw-tablet:calc(100% - 0 - 0);--_ga-m-mobile:0 0 0 0;--_ga-p-mobile:0 0 0 0;--_ga-bg-mobile:transparent none;--_ga-zi-mobile:auto;--_ga-d-mobile:flex;--_ga-mw-mobile:calc(100% - 0 - 0)\">\n\n<figure class=\"wp-block-image size-large\"><img loading=\"lazy\" decoding=\"async\" width=\"864\" height=\"1024\" src=\"https:\/\/www.artecogroup.com\/wp-content\/uploads\/2025\/10\/Shape-13-864x1024.jpg\" alt=\"\" class=\"wp-image-3779\" srcset=\"https:\/\/www.artecogroup.com\/wp-content\/uploads\/2025\/10\/Shape-13-864x1024.jpg 864w, https:\/\/www.artecogroup.com\/wp-content\/uploads\/2025\/10\/Shape-13-253x300.jpg 253w, https:\/\/www.artecogroup.com\/wp-content\/uploads\/2025\/10\/Shape-13-768x910.jpg 768w, https:\/\/www.artecogroup.com\/wp-content\/uploads\/2025\/10\/Shape-13-1296x1536.jpg 1296w, https:\/\/www.artecogroup.com\/wp-content\/uploads\/2025\/10\/Shape-13-1728x2048.jpg 1728w, https:\/\/www.artecogroup.com\/wp-content\/uploads\/2025\/10\/Shape-13-1568x1859.jpg 1568w\" sizes=\"auto, (max-width: 864px) 100vw, 864px\" \/><\/figure>\n\n<\/div>\n\n<div class=\"grids-area\" style=\"--_ga-column:1\/7;--_ga-row:1\/5;--_ga-m-desktop:0 0 0 0;--_ga-p-desktop:0 0 0 0;--_ga-bg-desktop:transparent none;--_ga-zi-desktop:auto;--_ga-d-desktop:flex;--_ga-mw-desktop:calc(100% - 0 - 0);--_ga-m-tablet:0 0 0 0;--_ga-p-tablet:0 0 0 0;--_ga-bg-tablet:transparent none;--_ga-zi-tablet:auto;--_ga-d-tablet:flex;--_ga-mw-tablet:calc(100% - 0 - 0);--_ga-m-mobile:0 0 0 0;--_ga-p-mobile:0 0 0 0;--_ga-bg-mobile:transparent none;--_ga-zi-mobile:auto;--_ga-d-mobile:flex;--_ga-mw-mobile:calc(100% - 0 - 0)\">\n\n<figure class=\"wp-block-image size-large\"><img loading=\"lazy\" decoding=\"async\" width=\"1024\" height=\"607\" src=\"https:\/\/www.artecogroup.com\/wp-content\/uploads\/2025\/10\/Shape-18-1024x607.jpg\" alt=\"\" class=\"wp-image-3819\" srcset=\"https:\/\/www.artecogroup.com\/wp-content\/uploads\/2025\/10\/Shape-18-1024x607.jpg 1024w, https:\/\/www.artecogroup.com\/wp-content\/uploads\/2025\/10\/Shape-18-300x178.jpg 300w, https:\/\/www.artecogroup.com\/wp-content\/uploads\/2025\/10\/Shape-18-768x455.jpg 768w, https:\/\/www.artecogroup.com\/wp-content\/uploads\/2025\/10\/Shape-18-1536x910.jpg 1536w, https:\/\/www.artecogroup.com\/wp-content\/uploads\/2025\/10\/Shape-18-2048x1214.jpg 2048w, https:\/\/www.artecogroup.com\/wp-content\/uploads\/2025\/10\/Shape-18-1568x929.jpg 1568w\" sizes=\"auto, (max-width: 1024px) 100vw, 1024px\" \/><\/figure>\n\n<\/div>\n<\/div><\/div>\n\n<div  class=\"grids-section grids-is-advanced alignfull\" style=\"--_gs-gap-desktop:0px 0px;--_gs-m-desktop:0 0 0 0;--_gs-p-desktop:0 0 0 0;--_gs-bg-desktop:transparent none;--_gs-bg-xp-desktop:0px;--_gs-zi-desktop:auto;--_gs-d-desktop:block;--_gs-mw-desktop:calc(100% - 0 - 0);--_gs-gap-tablet:0px 0px;--_gs-m-tablet:0 0 0 0;--_gs-p-tablet:0 0 0 0;--_gs-bg-tablet:transparent none;--_gs-bg-xp-tablet:0px;--_gs-zi-tablet:auto;--_gs-d-tablet:block;--_gs-mw-tablet:calc(100% - 0 - 0);--_gs-gap-mobile:0px 0px;--_gs-m-mobile:0 0 0 0;--_gs-p-mobile:0 0 0 0;--_gs-bg-mobile:transparent none;--_gs-bg-xp-mobile:0px;--_gs-zi-mobile:auto;--_gs-d-mobile:block;--_gs-mw-mobile:calc(100% - 0 - 0);--_gs-columns:12;--_gs-rows:6\"><div class=\"grids-s-w_i\">\n<div class=\"grids-area\" style=\"--_ga-column:1\/5;--_ga-row:1\/7;--_ga-va:center;--_ga-m-desktop:0 0 0 0;--_ga-p-desktop:0 0 0 0;--_ga-bg-desktop:transparent none;--_ga-zi-desktop:auto;--_ga-d-desktop:flex;--_ga-mw-desktop:calc(100% - 0 - 0);--_ga-m-tablet:0 0 0 0;--_ga-p-tablet:0 0 0 0;--_ga-bg-tablet:transparent none;--_ga-zi-tablet:auto;--_ga-d-tablet:flex;--_ga-mw-tablet:calc(100% - 0 - 0);--_ga-m-mobile:0 0 0 0;--_ga-p-mobile:0 0 0 0;--_ga-bg-mobile:transparent none;--_ga-zi-mobile:auto;--_ga-d-mobile:flex;--_ga-mw-mobile:calc(100% - 0 - 0)\">\n\n<figure class=\"wp-block-image size-large\"><img loading=\"lazy\" decoding=\"async\" width=\"1024\" height=\"1024\" src=\"https:\/\/www.artecogroup.com\/wp-content\/uploads\/2025\/10\/Shape-10-1024x1024.jpg\" alt=\"\" class=\"wp-image-3800\" srcset=\"https:\/\/www.artecogroup.com\/wp-content\/uploads\/2025\/10\/Shape-10-1024x1024.jpg 1024w, https:\/\/www.artecogroup.com\/wp-content\/uploads\/2025\/10\/Shape-10-300x300.jpg 300w, https:\/\/www.artecogroup.com\/wp-content\/uploads\/2025\/10\/Shape-10-150x150.jpg 150w, https:\/\/www.artecogroup.com\/wp-content\/uploads\/2025\/10\/Shape-10-768x768.jpg 768w, https:\/\/www.artecogroup.com\/wp-content\/uploads\/2025\/10\/Shape-10-1536x1536.jpg 1536w, https:\/\/www.artecogroup.com\/wp-content\/uploads\/2025\/10\/Shape-10-2048x2048.jpg 2048w, https:\/\/www.artecogroup.com\/wp-content\/uploads\/2025\/10\/Shape-10-1568x1568.jpg 1568w\" sizes=\"auto, (max-width: 1024px) 100vw, 1024px\" \/><\/figure>\n\n\n\n<figure class=\"wp-block-image size-large\"><img loading=\"lazy\" decoding=\"async\" width=\"864\" height=\"1024\" src=\"https:\/\/www.artecogroup.com\/wp-content\/uploads\/2025\/10\/Shape-07-864x1024.jpg\" alt=\"\" class=\"wp-image-3797\" srcset=\"https:\/\/www.artecogroup.com\/wp-content\/uploads\/2025\/10\/Shape-07-864x1024.jpg 864w, https:\/\/www.artecogroup.com\/wp-content\/uploads\/2025\/10\/Shape-07-253x300.jpg 253w, https:\/\/www.artecogroup.com\/wp-content\/uploads\/2025\/10\/Shape-07-768x910.jpg 768w, https:\/\/www.artecogroup.com\/wp-content\/uploads\/2025\/10\/Shape-07-1296x1536.jpg 1296w, https:\/\/www.artecogroup.com\/wp-content\/uploads\/2025\/10\/Shape-07-1728x2048.jpg 1728w, https:\/\/www.artecogroup.com\/wp-content\/uploads\/2025\/10\/Shape-07-1568x1859.jpg 1568w\" sizes=\"auto, (max-width: 864px) 100vw, 864px\" \/><\/figure>\n\n\n\n<p>Buffet au fort impact esth\u00e9tique et fonctionnel.<\/p>\n\n<\/div>\n\n<div class=\"grids-area\" style=\"--_ga-column:5\/13;--_ga-row:1\/8;--_ga-va:center;--_ga-m-desktop:0 0 0 0;--_ga-p-desktop:0 0 0 0;--_ga-bg-desktop:transparent none;--_ga-zi-desktop:auto;--_ga-d-desktop:flex;--_ga-mw-desktop:calc(100% - 0 - 0);--_ga-m-tablet:0 0 0 0;--_ga-p-tablet:0 0 0 0;--_ga-bg-tablet:transparent none;--_ga-zi-tablet:auto;--_ga-d-tablet:flex;--_ga-mw-tablet:calc(100% - 0 - 0);--_ga-m-mobile:0 0 0 0;--_ga-p-mobile:0 0 0 0;--_ga-bg-mobile:transparent none;--_ga-zi-mobile:auto;--_ga-d-mobile:flex;--_ga-mw-mobile:calc(100% - 0 - 0)\">\n\n<figure class=\"wp-block-image size-large\"><img loading=\"lazy\" decoding=\"async\" width=\"1024\" height=\"607\" src=\"https:\/\/www.artecogroup.com\/wp-content\/uploads\/2025\/10\/Shape-06-1-1024x607.jpg\" alt=\"\" class=\"wp-image-3782\" srcset=\"https:\/\/www.artecogroup.com\/wp-content\/uploads\/2025\/10\/Shape-06-1-1024x607.jpg 1024w, https:\/\/www.artecogroup.com\/wp-content\/uploads\/2025\/10\/Shape-06-1-300x178.jpg 300w, https:\/\/www.artecogroup.com\/wp-content\/uploads\/2025\/10\/Shape-06-1-768x455.jpg 768w, https:\/\/www.artecogroup.com\/wp-content\/uploads\/2025\/10\/Shape-06-1-1536x910.jpg 1536w, https:\/\/www.artecogroup.com\/wp-content\/uploads\/2025\/10\/Shape-06-1-2048x1214.jpg 2048w, https:\/\/www.artecogroup.com\/wp-content\/uploads\/2025\/10\/Shape-06-1-1568x929.jpg 1568w\" sizes=\"auto, (max-width: 1024px) 100vw, 1024px\" \/><\/figure>\n\n\n\n<p>L\u2019\u00e9l\u00e9gance et la l\u00e9g\u00e8ret\u00e9 du bureau de direction permettent de personnaliser tout espace contemporain.<\/p>\n\n<\/div>\n<\/div><\/div>","protected":false},"excerpt":{"rendered":"","protected":false},"author":2,"featured_media":2854,"template":"","meta":{"_acf_changed":false,"_uag_custom_page_level_css":"","footnotes":""},"collections":[42],"product-categories":[],"class_list":["post-1880","product","type-product","status-publish","has-post-thumbnail","hentry","entry"],"acf":[],"yoast_head":"<!-- This site is optimized with the Yoast SEO plugin v26.0 - https:\/\/yoast.com\/wordpress\/plugins\/seo\/ -->\n<title>Shape - Arteco<\/title>\n<meta name=\"robots\" content=\"index, follow, max-snippet:-1, max-image-preview:large, max-video-preview:-1\" \/>\n<link rel=\"canonical\" href=\"https:\/\/www.artecogroup.com\/fr\/product\/shape\/\" \/>\n<meta property=\"og:locale\" content=\"fr_FR\" \/>\n<meta property=\"og:type\" content=\"article\" \/>\n<meta property=\"og:title\" content=\"Shape - Arteco\" \/>\n<meta property=\"og:url\" content=\"https:\/\/www.artecogroup.com\/fr\/product\/shape\/\" \/>\n<meta property=\"og:site_name\" content=\"Arteco\" \/>\n<meta property=\"article:modified_time\" content=\"2025-10-23T08:46:19+00:00\" \/>\n<meta property=\"og:image\" content=\"https:\/\/www.artecogroup.com\/wp-content\/uploads\/2023\/06\/Shape_intro.jpg\" \/>\n\t<meta property=\"og:image:width\" content=\"1299\" \/>\n\t<meta property=\"og:image:height\" content=\"969\" \/>\n\t<meta property=\"og:image:type\" content=\"image\/jpeg\" \/>\n<meta name=\"twitter:card\" content=\"summary_large_image\" \/>\n<meta name=\"twitter:label1\" content=\"Dur\u00e9e de lecture estim\u00e9e\" \/>\n\t<meta name=\"twitter:data1\" content=\"3 minutes\" \/>\n<script type=\"application\/ld+json\" class=\"yoast-schema-graph\">{\"@context\":\"https:\/\/schema.org\",\"@graph\":[{\"@type\":\"WebPage\",\"@id\":\"https:\/\/www.artecogroup.com\/fr\/product\/shape\/\",\"url\":\"https:\/\/www.artecogroup.com\/fr\/product\/shape\/\",\"name\":\"Shape - Arteco\",\"isPartOf\":{\"@id\":\"https:\/\/www.artecogroup.com\/fr\/#website\"},\"primaryImageOfPage\":{\"@id\":\"https:\/\/www.artecogroup.com\/fr\/product\/shape\/#primaryimage\"},\"image\":{\"@id\":\"https:\/\/www.artecogroup.com\/fr\/product\/shape\/#primaryimage\"},\"thumbnailUrl\":\"https:\/\/www.artecogroup.com\/wp-content\/uploads\/2023\/06\/Shape_intro.jpg\",\"datePublished\":\"2021-05-25T11:35:23+00:00\",\"dateModified\":\"2025-10-23T08:46:19+00:00\",\"breadcrumb\":{\"@id\":\"https:\/\/www.artecogroup.com\/fr\/product\/shape\/#breadcrumb\"},\"inLanguage\":\"fr-FR\",\"potentialAction\":[{\"@type\":\"ReadAction\",\"target\":[\"https:\/\/www.artecogroup.com\/fr\/product\/shape\/\"]}]},{\"@type\":\"ImageObject\",\"inLanguage\":\"fr-FR\",\"@id\":\"https:\/\/www.artecogroup.com\/fr\/product\/shape\/#primaryimage\",\"url\":\"https:\/\/www.artecogroup.com\/wp-content\/uploads\/2023\/06\/Shape_intro.jpg\",\"contentUrl\":\"https:\/\/www.artecogroup.com\/wp-content\/uploads\/2023\/06\/Shape_intro.jpg\",\"width\":1299,\"height\":969},{\"@type\":\"BreadcrumbList\",\"@id\":\"https:\/\/www.artecogroup.com\/fr\/product\/shape\/#breadcrumb\",\"itemListElement\":[{\"@type\":\"ListItem\",\"position\":1,\"name\":\"Home\",\"item\":\"https:\/\/www.artecogroup.com\/fr\/\"},{\"@type\":\"ListItem\",\"position\":2,\"name\":\"Shape\"}]},{\"@type\":\"WebSite\",\"@id\":\"https:\/\/www.artecogroup.com\/fr\/#website\",\"url\":\"https:\/\/www.artecogroup.com\/fr\/\",\"name\":\"Arteco\",\"description\":\"\",\"potentialAction\":[{\"@type\":\"SearchAction\",\"target\":{\"@type\":\"EntryPoint\",\"urlTemplate\":\"https:\/\/www.artecogroup.com\/fr\/?s={search_term_string}\"},\"query-input\":{\"@type\":\"PropertyValueSpecification\",\"valueRequired\":true,\"valueName\":\"search_term_string\"}}],\"inLanguage\":\"fr-FR\"}]}<\/script>\n<!-- \/ Yoast SEO plugin. -->","yoast_head_json":{"title":"Shape - Arteco","robots":{"index":"index","follow":"follow","max-snippet":"max-snippet:-1","max-image-preview":"max-image-preview:large","max-video-preview":"max-video-preview:-1"},"canonical":"https:\/\/www.artecogroup.com\/fr\/product\/shape\/","og_locale":"fr_FR","og_type":"article","og_title":"Shape - Arteco","og_url":"https:\/\/www.artecogroup.com\/fr\/product\/shape\/","og_site_name":"Arteco","article_modified_time":"2025-10-23T08:46:19+00:00","og_image":[{"width":1299,"height":969,"url":"https:\/\/www.artecogroup.com\/wp-content\/uploads\/2023\/06\/Shape_intro.jpg","type":"image\/jpeg"}],"twitter_card":"summary_large_image","twitter_misc":{"Dur\u00e9e de lecture estim\u00e9e":"3 minutes"},"schema":{"@context":"https:\/\/schema.org","@graph":[{"@type":"WebPage","@id":"https:\/\/www.artecogroup.com\/fr\/product\/shape\/","url":"https:\/\/www.artecogroup.com\/fr\/product\/shape\/","name":"Shape - Arteco","isPartOf":{"@id":"https:\/\/www.artecogroup.com\/fr\/#website"},"primaryImageOfPage":{"@id":"https:\/\/www.artecogroup.com\/fr\/product\/shape\/#primaryimage"},"image":{"@id":"https:\/\/www.artecogroup.com\/fr\/product\/shape\/#primaryimage"},"thumbnailUrl":"https:\/\/www.artecogroup.com\/wp-content\/uploads\/2023\/06\/Shape_intro.jpg","datePublished":"2021-05-25T11:35:23+00:00","dateModified":"2025-10-23T08:46:19+00:00","breadcrumb":{"@id":"https:\/\/www.artecogroup.com\/fr\/product\/shape\/#breadcrumb"},"inLanguage":"fr-FR","potentialAction":[{"@type":"ReadAction","target":["https:\/\/www.artecogroup.com\/fr\/product\/shape\/"]}]},{"@type":"ImageObject","inLanguage":"fr-FR","@id":"https:\/\/www.artecogroup.com\/fr\/product\/shape\/#primaryimage","url":"https:\/\/www.artecogroup.com\/wp-content\/uploads\/2023\/06\/Shape_intro.jpg","contentUrl":"https:\/\/www.artecogroup.com\/wp-content\/uploads\/2023\/06\/Shape_intro.jpg","width":1299,"height":969},{"@type":"BreadcrumbList","@id":"https:\/\/www.artecogroup.com\/fr\/product\/shape\/#breadcrumb","itemListElement":[{"@type":"ListItem","position":1,"name":"Home","item":"https:\/\/www.artecogroup.com\/fr\/"},{"@type":"ListItem","position":2,"name":"Shape"}]},{"@type":"WebSite","@id":"https:\/\/www.artecogroup.com\/fr\/#website","url":"https:\/\/www.artecogroup.com\/fr\/","name":"Arteco","description":"","potentialAction":[{"@type":"SearchAction","target":{"@type":"EntryPoint","urlTemplate":"https:\/\/www.artecogroup.com\/fr\/?s={search_term_string}"},"query-input":{"@type":"PropertyValueSpecification","valueRequired":true,"valueName":"search_term_string"}}],"inLanguage":"fr-FR"}]}},"uagb_featured_image_src":{"full":["https:\/\/www.artecogroup.com\/wp-content\/uploads\/2023\/06\/Shape_intro.jpg",1299,969,false],"thumbnail":["https:\/\/www.artecogroup.com\/wp-content\/uploads\/2023\/06\/Shape_intro-150x150.jpg",150,150,true],"medium":["https:\/\/www.artecogroup.com\/wp-content\/uploads\/2023\/06\/Shape_intro-300x224.jpg",300,224,true],"medium_large":["https:\/\/www.artecogroup.com\/wp-content\/uploads\/2023\/06\/Shape_intro-768x573.jpg",750,560,true],"large":["https:\/\/www.artecogroup.com\/wp-content\/uploads\/2023\/06\/Shape_intro-1024x764.jpg",750,560,true],"1536x1536":["https:\/\/www.artecogroup.com\/wp-content\/uploads\/2023\/06\/Shape_intro.jpg",1299,969,false],"2048x2048":["https:\/\/www.artecogroup.com\/wp-content\/uploads\/2023\/06\/Shape_intro.jpg",1299,969,false],"post-thumbnail":["https:\/\/www.artecogroup.com\/wp-content\/uploads\/2023\/06\/Shape_intro.jpg",1299,969,false]},"uagb_author_info":{"display_name":"ArtecoGroup","author_link":"https:\/\/www.artecogroup.com\/fr\/author\/artecogroup\/"},"uagb_comment_info":0,"uagb_excerpt":null,"_links":{"self":[{"href":"https:\/\/www.artecogroup.com\/fr\/wp-json\/wp\/v2\/product\/1880","targetHints":{"allow":["GET"]}}],"collection":[{"href":"https:\/\/www.artecogroup.com\/fr\/wp-json\/wp\/v2\/product"}],"about":[{"href":"https:\/\/www.artecogroup.com\/fr\/wp-json\/wp\/v2\/types\/product"}],"author":[{"embeddable":true,"href":"https:\/\/www.artecogroup.com\/fr\/wp-json\/wp\/v2\/users\/2"}],"version-history":[{"count":4,"href":"https:\/\/www.artecogroup.com\/fr\/wp-json\/wp\/v2\/product\/1880\/revisions"}],"predecessor-version":[{"id":5074,"href":"https:\/\/www.artecogroup.com\/fr\/wp-json\/wp\/v2\/product\/1880\/revisions\/5074"}],"wp:featuredmedia":[{"embeddable":true,"href":"https:\/\/www.artecogroup.com\/fr\/wp-json\/wp\/v2\/media\/2854"}],"wp:attachment":[{"href":"https:\/\/www.artecogroup.com\/fr\/wp-json\/wp\/v2\/media?parent=1880"}],"wp:term":[{"taxonomy":"collections","embeddable":true,"href":"https:\/\/www.artecogroup.com\/fr\/wp-json\/wp\/v2\/collections?post=1880"},{"taxonomy":"product-categories","embeddable":true,"href":"https:\/\/www.artecogroup.com\/fr\/wp-json\/wp\/v2\/product-categories?post=1880"}],"curies":[{"name":"wp","href":"https:\/\/api.w.org\/{rel}","templated":true}]}}