{"id":4779,"date":"2025-10-22T17:32:23","date_gmt":"2025-10-22T15:32:23","guid":{"rendered":"https:\/\/www.artecogroup.com\/?post_type=product&#038;p=4779"},"modified":"2025-10-22T17:32:24","modified_gmt":"2025-10-22T15:32:24","slug":"ex_el","status":"publish","type":"product","link":"https:\/\/www.artecogroup.com\/fr\/product\/ex_el\/","title":{"rendered":"Ex_El"},"content":{"rendered":"<div  class=\"grids-section grids-is-advanced alignfull\" style=\"--_gs-gap-desktop:0px 0px;--_gs-m-desktop:0 0 0 0;--_gs-p-desktop:0 0 0 0;--_gs-bg-desktop:transparent none;--_gs-bg-xp-desktop:0px;--_gs-zi-desktop:auto;--_gs-d-desktop:block;--_gs-mw-desktop:calc(100% - 0 - 0);--_gs-gap-tablet:0px 0px;--_gs-m-tablet:0 0 0 0;--_gs-p-tablet:0 0 0 0;--_gs-bg-tablet:transparent none;--_gs-bg-xp-tablet:0px;--_gs-zi-tablet:auto;--_gs-d-tablet:block;--_gs-mw-tablet:calc(100% - 0 - 0);--_gs-gap-mobile:0px 0px;--_gs-m-mobile:0 0 0 0;--_gs-p-mobile:0 0 0 0;--_gs-bg-mobile:transparent none;--_gs-bg-xp-mobile:0px;--_gs-zi-mobile:auto;--_gs-d-mobile:block;--_gs-mw-mobile:calc(100% - 0 - 0);--_gs-columns:12;--_gs-rows:6\"><div class=\"grids-s-w_i\">\n<div class=\"grids-area\" style=\"--_ga-column:1\/8;--_ga-row:1\/4;--_ga-va:center;--_ga-m-desktop:0 0 0 0;--_ga-p-desktop:0 0 0 0;--_ga-bg-desktop:transparent none;--_ga-zi-desktop:auto;--_ga-d-desktop:flex;--_ga-mw-desktop:calc(100% - 0 - 0);--_ga-m-tablet:0 0 0 0;--_ga-p-tablet:0 0 0 0;--_ga-bg-tablet:transparent none;--_ga-zi-tablet:auto;--_ga-d-tablet:flex;--_ga-mw-tablet:calc(100% - 0 - 0);--_ga-m-mobile:0 0 0 0;--_ga-p-mobile:0 0 0 0;--_ga-bg-mobile:transparent none;--_ga-zi-mobile:auto;--_ga-d-mobile:flex;--_ga-mw-mobile:calc(100% - 0 - 0)\">\n\n<figure class=\"wp-block-image size-large\"><img loading=\"lazy\" decoding=\"async\" width=\"1024\" height=\"607\" src=\"https:\/\/www.artecogroup.com\/wp-content\/uploads\/2025\/10\/Ex_El-06-1024x607.jpg\" alt=\"\" class=\"wp-image-4757\" srcset=\"https:\/\/www.artecogroup.com\/wp-content\/uploads\/2025\/10\/Ex_El-06-1024x607.jpg 1024w, https:\/\/www.artecogroup.com\/wp-content\/uploads\/2025\/10\/Ex_El-06-300x178.jpg 300w, https:\/\/www.artecogroup.com\/wp-content\/uploads\/2025\/10\/Ex_El-06-768x455.jpg 768w, https:\/\/www.artecogroup.com\/wp-content\/uploads\/2025\/10\/Ex_El-06-1536x910.jpg 1536w, https:\/\/www.artecogroup.com\/wp-content\/uploads\/2025\/10\/Ex_El-06-2048x1214.jpg 2048w, https:\/\/www.artecogroup.com\/wp-content\/uploads\/2025\/10\/Ex_El-06-1568x929.jpg 1568w\" sizes=\"auto, (max-width: 1024px) 100vw, 1024px\" \/><\/figure>\n\n\n\n\n\n<\/div>\n\n<div class=\"grids-area\" style=\"--_ga-column:8\/13;--_ga-row:1\/6;--_ga-m-desktop:0 0 0 0;--_ga-p-desktop:0 0 0 0;--_ga-bg-desktop:transparent none;--_ga-zi-desktop:auto;--_ga-d-desktop:flex;--_ga-mw-desktop:calc(100% - 0 - 0);--_ga-m-tablet:0 0 0 0;--_ga-p-tablet:0 0 0 0;--_ga-bg-tablet:transparent none;--_ga-zi-tablet:auto;--_ga-d-tablet:flex;--_ga-mw-tablet:calc(100% - 0 - 0);--_ga-m-mobile:0 0 0 0;--_ga-p-mobile:0 0 0 0;--_ga-bg-mobile:transparent none;--_ga-zi-mobile:auto;--_ga-d-mobile:flex;--_ga-mw-mobile:calc(100% - 0 - 0)\">\n\n<figure class=\"wp-block-image size-large\"><img loading=\"lazy\" decoding=\"async\" width=\"864\" height=\"1024\" src=\"https:\/\/www.artecogroup.com\/wp-content\/uploads\/2025\/10\/Ex_El-05-864x1024.jpg\" alt=\"\" class=\"wp-image-4754\" srcset=\"https:\/\/www.artecogroup.com\/wp-content\/uploads\/2025\/10\/Ex_El-05-864x1024.jpg 864w, https:\/\/www.artecogroup.com\/wp-content\/uploads\/2025\/10\/Ex_El-05-253x300.jpg 253w, https:\/\/www.artecogroup.com\/wp-content\/uploads\/2025\/10\/Ex_El-05-768x910.jpg 768w, https:\/\/www.artecogroup.com\/wp-content\/uploads\/2025\/10\/Ex_El-05-1296x1536.jpg 1296w, https:\/\/www.artecogroup.com\/wp-content\/uploads\/2025\/10\/Ex_El-05-1728x2048.jpg 1728w, https:\/\/www.artecogroup.com\/wp-content\/uploads\/2025\/10\/Ex_El-05-1568x1859.jpg 1568w\" sizes=\"auto, (max-width: 864px) 100vw, 864px\" \/><\/figure>\n\n\n\n<p>Compartiment \u00e0 tiroirs porteur pour canalisation et porte-sacs.<\/p>\n\n<\/div>\n<\/div><\/div>\n\n<div  class=\"grids-section grids-is-advanced alignfull\" style=\"--_gs-gap-desktop:0px 0px;--_gs-m-desktop:0 0 0 0;--_gs-p-desktop:0 0 0 0;--_gs-bg-desktop:transparent none;--_gs-bg-xp-desktop:0px;--_gs-zi-desktop:auto;--_gs-d-desktop:block;--_gs-mw-desktop:calc(100% - 0 - 0);--_gs-gap-tablet:0px 0px;--_gs-m-tablet:0 0 0 0;--_gs-p-tablet:0 0 0 0;--_gs-bg-tablet:transparent none;--_gs-bg-xp-tablet:0px;--_gs-zi-tablet:auto;--_gs-d-tablet:block;--_gs-mw-tablet:calc(100% - 0 - 0);--_gs-gap-mobile:0px 0px;--_gs-m-mobile:0 0 0 0;--_gs-p-mobile:0 0 0 0;--_gs-bg-mobile:transparent none;--_gs-bg-xp-mobile:0px;--_gs-zi-mobile:auto;--_gs-d-mobile:block;--_gs-mw-mobile:calc(100% - 0 - 0);--_gs-columns:12;--_gs-rows:6\"><div class=\"grids-s-w_i\">\n<div class=\"grids-area\" style=\"--_ga-column:1\/13;--_ga-row:1\/7;--_ga-va:center;--_ga-m-desktop:0 0 0 0;--_ga-p-desktop:0 0 0 0;--_ga-bg-desktop:transparent none;--_ga-zi-desktop:auto;--_ga-d-desktop:flex;--_ga-mw-desktop:calc(100% - 0 - 0);--_ga-m-tablet:0 0 0 0;--_ga-p-tablet:0 0 0 0;--_ga-bg-tablet:transparent none;--_ga-zi-tablet:auto;--_ga-d-tablet:flex;--_ga-mw-tablet:calc(100% - 0 - 0);--_ga-m-mobile:0 0 0 0;--_ga-p-mobile:0 0 0 0;--_ga-bg-mobile:transparent none;--_ga-zi-mobile:auto;--_ga-d-mobile:flex;--_ga-mw-mobile:calc(100% - 0 - 0)\">\n\n<figure class=\"wp-block-image size-large\"><img loading=\"lazy\" decoding=\"async\" width=\"1024\" height=\"1024\" src=\"https:\/\/www.artecogroup.com\/wp-content\/uploads\/2025\/10\/Ex_El-02-1024x1024.webp\" alt=\"\" class=\"wp-image-4775\" srcset=\"https:\/\/www.artecogroup.com\/wp-content\/uploads\/2025\/10\/Ex_El-02-1024x1024.webp 1024w, https:\/\/www.artecogroup.com\/wp-content\/uploads\/2025\/10\/Ex_El-02-300x300.webp 300w, https:\/\/www.artecogroup.com\/wp-content\/uploads\/2025\/10\/Ex_El-02-150x150.webp 150w, https:\/\/www.artecogroup.com\/wp-content\/uploads\/2025\/10\/Ex_El-02-768x768.webp 768w, https:\/\/www.artecogroup.com\/wp-content\/uploads\/2025\/10\/Ex_El-02-1536x1536.webp 1536w, https:\/\/www.artecogroup.com\/wp-content\/uploads\/2025\/10\/Ex_El-02-2048x2048.webp 2048w, https:\/\/www.artecogroup.com\/wp-content\/uploads\/2025\/10\/Ex_El-02-1568x1568.webp 1568w\" sizes=\"auto, (max-width: 1024px) 100vw, 1024px\" \/><\/figure>\n\n<\/div>\n<\/div><\/div>\n\n<div  class=\"grids-section grids-is-advanced alignfull\" style=\"--_gs-gap-desktop:0px 0px;--_gs-m-desktop:0 0 0 0;--_gs-p-desktop:0 0 0 0;--_gs-bg-desktop:transparent none;--_gs-bg-xp-desktop:0px;--_gs-zi-desktop:auto;--_gs-d-desktop:block;--_gs-mw-desktop:calc(100% - 0 - 0);--_gs-gap-tablet:0px 0px;--_gs-m-tablet:0 0 0 0;--_gs-p-tablet:0 0 0 0;--_gs-bg-tablet:transparent none;--_gs-bg-xp-tablet:0px;--_gs-zi-tablet:auto;--_gs-d-tablet:block;--_gs-mw-tablet:calc(100% - 0 - 0);--_gs-gap-mobile:0px 0px;--_gs-m-mobile:0 0 0 0;--_gs-p-mobile:0 0 0 0;--_gs-bg-mobile:transparent none;--_gs-bg-xp-mobile:0px;--_gs-zi-mobile:auto;--_gs-d-mobile:block;--_gs-mw-mobile:calc(100% - 0 - 0);--_gs-columns:12;--_gs-rows:6\"><div class=\"grids-s-w_i\">\n<div class=\"grids-area\" style=\"--_ga-column:1\/7;--_ga-row:1\/4;--_ga-m-desktop:0 0 0 0;--_ga-p-desktop:0 0 0 0;--_ga-bg-desktop:transparent none;--_ga-zi-desktop:auto;--_ga-d-desktop:flex;--_ga-mw-desktop:calc(100% - 0 - 0);--_ga-m-tablet:0 0 0 0;--_ga-p-tablet:0 0 0 0;--_ga-bg-tablet:transparent none;--_ga-zi-tablet:auto;--_ga-d-tablet:flex;--_ga-mw-tablet:calc(100% - 0 - 0);--_ga-m-mobile:0 0 0 0;--_ga-p-mobile:0 0 0 0;--_ga-bg-mobile:transparent none;--_ga-zi-mobile:auto;--_ga-d-mobile:flex;--_ga-mw-mobile:calc(100% - 0 - 0)\">\n\n<figure class=\"wp-block-image size-large\"><img loading=\"lazy\" decoding=\"async\" width=\"864\" height=\"1024\" src=\"https:\/\/www.artecogroup.com\/wp-content\/uploads\/2025\/10\/Ex_El-01-864x1024.jpg\" alt=\"\" class=\"wp-image-4745\" srcset=\"https:\/\/www.artecogroup.com\/wp-content\/uploads\/2025\/10\/Ex_El-01-864x1024.jpg 864w, https:\/\/www.artecogroup.com\/wp-content\/uploads\/2025\/10\/Ex_El-01-253x300.jpg 253w, https:\/\/www.artecogroup.com\/wp-content\/uploads\/2025\/10\/Ex_El-01-768x910.jpg 768w, https:\/\/www.artecogroup.com\/wp-content\/uploads\/2025\/10\/Ex_El-01-1296x1536.jpg 1296w, https:\/\/www.artecogroup.com\/wp-content\/uploads\/2025\/10\/Ex_El-01-1728x2048.jpg 1728w, https:\/\/www.artecogroup.com\/wp-content\/uploads\/2025\/10\/Ex_El-01-1568x1859.jpg 1568w\" sizes=\"auto, (max-width: 864px) 100vw, 864px\" \/><\/figure>\n\n<\/div>\n\n<div class=\"grids-area\" style=\"--_ga-column:7\/13;--_ga-row:1\/4;--_ga-m-desktop:0 0 0 0;--_ga-p-desktop:0 0 0 0;--_ga-bg-desktop:transparent none;--_ga-zi-desktop:auto;--_ga-d-desktop:flex;--_ga-mw-desktop:calc(100% - 0 - 0);--_ga-m-tablet:0 0 0 0;--_ga-p-tablet:0 0 0 0;--_ga-bg-tablet:transparent none;--_ga-zi-tablet:auto;--_ga-d-tablet:flex;--_ga-mw-tablet:calc(100% - 0 - 0);--_ga-m-mobile:0 0 0 0;--_ga-p-mobile:0 0 0 0;--_ga-bg-mobile:transparent none;--_ga-zi-mobile:auto;--_ga-d-mobile:flex;--_ga-mw-mobile:calc(100% - 0 - 0)\">\n\n<figure class=\"wp-block-image size-large\"><img loading=\"lazy\" decoding=\"async\" width=\"864\" height=\"1024\" src=\"https:\/\/www.artecogroup.com\/wp-content\/uploads\/2025\/10\/Ex_El-03-864x1024.jpg\" alt=\"\" class=\"wp-image-4748\" srcset=\"https:\/\/www.artecogroup.com\/wp-content\/uploads\/2025\/10\/Ex_El-03-864x1024.jpg 864w, https:\/\/www.artecogroup.com\/wp-content\/uploads\/2025\/10\/Ex_El-03-253x300.jpg 253w, https:\/\/www.artecogroup.com\/wp-content\/uploads\/2025\/10\/Ex_El-03-768x910.jpg 768w, https:\/\/www.artecogroup.com\/wp-content\/uploads\/2025\/10\/Ex_El-03-1296x1536.jpg 1296w, https:\/\/www.artecogroup.com\/wp-content\/uploads\/2025\/10\/Ex_El-03-1728x2048.jpg 1728w, https:\/\/www.artecogroup.com\/wp-content\/uploads\/2025\/10\/Ex_El-03-1568x1859.jpg 1568w\" sizes=\"auto, (max-width: 864px) 100vw, 864px\" \/><\/figure>\n\n<\/div>\n\n<div class=\"grids-area\" style=\"--_ga-column:7\/13;--_ga-row:4\/7;--_ga-m-desktop:0 0 0 0;--_ga-p-desktop:0 0 0 0;--_ga-bg-desktop:transparent none;--_ga-zi-desktop:auto;--_ga-d-desktop:flex;--_ga-mw-desktop:calc(100% - 0 - 0);--_ga-m-tablet:0 0 0 0;--_ga-p-tablet:0 0 0 0;--_ga-bg-tablet:transparent none;--_ga-zi-tablet:auto;--_ga-d-tablet:flex;--_ga-mw-tablet:calc(100% - 0 - 0);--_ga-m-mobile:0 0 0 0;--_ga-p-mobile:0 0 0 0;--_ga-bg-mobile:transparent none;--_ga-zi-mobile:auto;--_ga-d-mobile:flex;--_ga-mw-mobile:calc(100% - 0 - 0)\">\n\n<figure class=\"wp-block-image size-large\"><img loading=\"lazy\" decoding=\"async\" width=\"864\" height=\"1024\" src=\"https:\/\/www.artecogroup.com\/wp-content\/uploads\/2025\/10\/Ex_El-09-864x1024.jpg\" alt=\"\" class=\"wp-image-4766\" srcset=\"https:\/\/www.artecogroup.com\/wp-content\/uploads\/2025\/10\/Ex_El-09-864x1024.jpg 864w, https:\/\/www.artecogroup.com\/wp-content\/uploads\/2025\/10\/Ex_El-09-253x300.jpg 253w, https:\/\/www.artecogroup.com\/wp-content\/uploads\/2025\/10\/Ex_El-09-768x910.jpg 768w, https:\/\/www.artecogroup.com\/wp-content\/uploads\/2025\/10\/Ex_El-09-1296x1536.jpg 1296w, https:\/\/www.artecogroup.com\/wp-content\/uploads\/2025\/10\/Ex_El-09-1728x2048.jpg 1728w, https:\/\/www.artecogroup.com\/wp-content\/uploads\/2025\/10\/Ex_El-09-1568x1859.jpg 1568w\" sizes=\"auto, (max-width: 864px) 100vw, 864px\" \/><\/figure>\n\n\n\n\n\n<\/div>\n\n<div class=\"grids-area\" style=\"--_ga-column:2\/7;--_ga-row:4\/5;--_ga-m-desktop:0 0 0 0;--_ga-p-desktop:0 0 0 0;--_ga-bg-desktop:transparent none;--_ga-zi-desktop:auto;--_ga-d-desktop:flex;--_ga-mw-desktop:calc(100% - 0 - 0);--_ga-m-tablet:0 0 0 0;--_ga-p-tablet:0 0 0 0;--_ga-bg-tablet:transparent none;--_ga-zi-tablet:auto;--_ga-d-tablet:flex;--_ga-mw-tablet:calc(100% - 0 - 0);--_ga-m-mobile:0 0 0 0;--_ga-p-mobile:0 0 0 0;--_ga-bg-mobile:transparent none;--_ga-zi-mobile:auto;--_ga-d-mobile:flex;--_ga-mw-mobile:calc(100% - 0 - 0)\">\n\n<p>Top access avec ouverture push &amp; pull et prises int\u00e9gr\u00e9es; clavier num\u00e9rique avec 3 m\u00e9moires de position.<\/p>\n\n<\/div>\n<\/div><\/div>","protected":false},"excerpt":{"rendered":"","protected":false},"author":2,"featured_media":4774,"template":"","meta":{"_acf_changed":false,"_uag_custom_page_level_css":"","footnotes":""},"collections":[42],"product-categories":[],"class_list":["post-4779","product","type-product","status-publish","has-post-thumbnail","hentry","entry"],"acf":[],"yoast_head":"<!-- This site is optimized with the Yoast SEO plugin v26.0 - https:\/\/yoast.com\/wordpress\/plugins\/seo\/ -->\n<title>Ex_El - Arteco<\/title>\n<meta name=\"robots\" content=\"index, follow, max-snippet:-1, max-image-preview:large, max-video-preview:-1\" \/>\n<link rel=\"canonical\" href=\"https:\/\/www.artecogroup.com\/fr\/product\/ex_el\/\" \/>\n<meta property=\"og:locale\" content=\"fr_FR\" \/>\n<meta property=\"og:type\" content=\"article\" \/>\n<meta property=\"og:title\" content=\"Ex_El - Arteco\" \/>\n<meta property=\"og:url\" content=\"https:\/\/www.artecogroup.com\/fr\/product\/ex_el\/\" \/>\n<meta property=\"og:site_name\" content=\"Arteco\" \/>\n<meta property=\"article:modified_time\" content=\"2025-10-22T15:32:24+00:00\" \/>\n<meta property=\"og:image\" content=\"https:\/\/www.artecogroup.com\/wp-content\/uploads\/2025\/10\/copertina_04-scaled.webp\" \/>\n\t<meta property=\"og:image:width\" content=\"2560\" \/>\n\t<meta property=\"og:image:height\" content=\"1600\" \/>\n\t<meta property=\"og:image:type\" content=\"image\/webp\" \/>\n<meta name=\"twitter:card\" content=\"summary_large_image\" \/>\n<meta name=\"twitter:label1\" content=\"Dur\u00e9e de lecture estim\u00e9e\" \/>\n\t<meta name=\"twitter:data1\" content=\"2 minutes\" \/>\n<script type=\"application\/ld+json\" class=\"yoast-schema-graph\">{\"@context\":\"https:\/\/schema.org\",\"@graph\":[{\"@type\":\"WebPage\",\"@id\":\"https:\/\/www.artecogroup.com\/fr\/product\/ex_el\/\",\"url\":\"https:\/\/www.artecogroup.com\/fr\/product\/ex_el\/\",\"name\":\"Ex_El - Arteco\",\"isPartOf\":{\"@id\":\"https:\/\/www.artecogroup.com\/fr\/#website\"},\"primaryImageOfPage\":{\"@id\":\"https:\/\/www.artecogroup.com\/fr\/product\/ex_el\/#primaryimage\"},\"image\":{\"@id\":\"https:\/\/www.artecogroup.com\/fr\/product\/ex_el\/#primaryimage\"},\"thumbnailUrl\":\"https:\/\/www.artecogroup.com\/wp-content\/uploads\/2025\/10\/copertina_04-scaled.webp\",\"datePublished\":\"2025-10-22T15:32:23+00:00\",\"dateModified\":\"2025-10-22T15:32:24+00:00\",\"breadcrumb\":{\"@id\":\"https:\/\/www.artecogroup.com\/fr\/product\/ex_el\/#breadcrumb\"},\"inLanguage\":\"fr-FR\",\"potentialAction\":[{\"@type\":\"ReadAction\",\"target\":[\"https:\/\/www.artecogroup.com\/fr\/product\/ex_el\/\"]}]},{\"@type\":\"ImageObject\",\"inLanguage\":\"fr-FR\",\"@id\":\"https:\/\/www.artecogroup.com\/fr\/product\/ex_el\/#primaryimage\",\"url\":\"https:\/\/www.artecogroup.com\/wp-content\/uploads\/2025\/10\/copertina_04-scaled.webp\",\"contentUrl\":\"https:\/\/www.artecogroup.com\/wp-content\/uploads\/2025\/10\/copertina_04-scaled.webp\",\"width\":2560,\"height\":1600},{\"@type\":\"BreadcrumbList\",\"@id\":\"https:\/\/www.artecogroup.com\/fr\/product\/ex_el\/#breadcrumb\",\"itemListElement\":[{\"@type\":\"ListItem\",\"position\":1,\"name\":\"Home\",\"item\":\"https:\/\/www.artecogroup.com\/fr\/\"},{\"@type\":\"ListItem\",\"position\":2,\"name\":\"Ex_El\"}]},{\"@type\":\"WebSite\",\"@id\":\"https:\/\/www.artecogroup.com\/fr\/#website\",\"url\":\"https:\/\/www.artecogroup.com\/fr\/\",\"name\":\"Arteco\",\"description\":\"\",\"potentialAction\":[{\"@type\":\"SearchAction\",\"target\":{\"@type\":\"EntryPoint\",\"urlTemplate\":\"https:\/\/www.artecogroup.com\/fr\/?s={search_term_string}\"},\"query-input\":{\"@type\":\"PropertyValueSpecification\",\"valueRequired\":true,\"valueName\":\"search_term_string\"}}],\"inLanguage\":\"fr-FR\"}]}<\/script>\n<!-- \/ Yoast SEO plugin. -->","yoast_head_json":{"title":"Ex_El - Arteco","robots":{"index":"index","follow":"follow","max-snippet":"max-snippet:-1","max-image-preview":"max-image-preview:large","max-video-preview":"max-video-preview:-1"},"canonical":"https:\/\/www.artecogroup.com\/fr\/product\/ex_el\/","og_locale":"fr_FR","og_type":"article","og_title":"Ex_El - Arteco","og_url":"https:\/\/www.artecogroup.com\/fr\/product\/ex_el\/","og_site_name":"Arteco","article_modified_time":"2025-10-22T15:32:24+00:00","og_image":[{"width":2560,"height":1600,"url":"https:\/\/www.artecogroup.com\/wp-content\/uploads\/2025\/10\/copertina_04-scaled.webp","type":"image\/webp"}],"twitter_card":"summary_large_image","twitter_misc":{"Dur\u00e9e de lecture estim\u00e9e":"2 minutes"},"schema":{"@context":"https:\/\/schema.org","@graph":[{"@type":"WebPage","@id":"https:\/\/www.artecogroup.com\/fr\/product\/ex_el\/","url":"https:\/\/www.artecogroup.com\/fr\/product\/ex_el\/","name":"Ex_El - Arteco","isPartOf":{"@id":"https:\/\/www.artecogroup.com\/fr\/#website"},"primaryImageOfPage":{"@id":"https:\/\/www.artecogroup.com\/fr\/product\/ex_el\/#primaryimage"},"image":{"@id":"https:\/\/www.artecogroup.com\/fr\/product\/ex_el\/#primaryimage"},"thumbnailUrl":"https:\/\/www.artecogroup.com\/wp-content\/uploads\/2025\/10\/copertina_04-scaled.webp","datePublished":"2025-10-22T15:32:23+00:00","dateModified":"2025-10-22T15:32:24+00:00","breadcrumb":{"@id":"https:\/\/www.artecogroup.com\/fr\/product\/ex_el\/#breadcrumb"},"inLanguage":"fr-FR","potentialAction":[{"@type":"ReadAction","target":["https:\/\/www.artecogroup.com\/fr\/product\/ex_el\/"]}]},{"@type":"ImageObject","inLanguage":"fr-FR","@id":"https:\/\/www.artecogroup.com\/fr\/product\/ex_el\/#primaryimage","url":"https:\/\/www.artecogroup.com\/wp-content\/uploads\/2025\/10\/copertina_04-scaled.webp","contentUrl":"https:\/\/www.artecogroup.com\/wp-content\/uploads\/2025\/10\/copertina_04-scaled.webp","width":2560,"height":1600},{"@type":"BreadcrumbList","@id":"https:\/\/www.artecogroup.com\/fr\/product\/ex_el\/#breadcrumb","itemListElement":[{"@type":"ListItem","position":1,"name":"Home","item":"https:\/\/www.artecogroup.com\/fr\/"},{"@type":"ListItem","position":2,"name":"Ex_El"}]},{"@type":"WebSite","@id":"https:\/\/www.artecogroup.com\/fr\/#website","url":"https:\/\/www.artecogroup.com\/fr\/","name":"Arteco","description":"","potentialAction":[{"@type":"SearchAction","target":{"@type":"EntryPoint","urlTemplate":"https:\/\/www.artecogroup.com\/fr\/?s={search_term_string}"},"query-input":{"@type":"PropertyValueSpecification","valueRequired":true,"valueName":"search_term_string"}}],"inLanguage":"fr-FR"}]}},"uagb_featured_image_src":{"full":["https:\/\/www.artecogroup.com\/wp-content\/uploads\/2025\/10\/copertina_04-scaled.webp",2560,1600,false],"thumbnail":["https:\/\/www.artecogroup.com\/wp-content\/uploads\/2025\/10\/copertina_04-150x150.webp",150,150,true],"medium":["https:\/\/www.artecogroup.com\/wp-content\/uploads\/2025\/10\/copertina_04-300x188.webp",300,188,true],"medium_large":["https:\/\/www.artecogroup.com\/wp-content\/uploads\/2025\/10\/copertina_04-768x480.webp",750,469,true],"large":["https:\/\/www.artecogroup.com\/wp-content\/uploads\/2025\/10\/copertina_04-1024x640.webp",750,469,true],"1536x1536":["https:\/\/www.artecogroup.com\/wp-content\/uploads\/2025\/10\/copertina_04-1536x960.webp",1536,960,true],"2048x2048":["https:\/\/www.artecogroup.com\/wp-content\/uploads\/2025\/10\/copertina_04-2048x1280.webp",2048,1280,true],"post-thumbnail":["https:\/\/www.artecogroup.com\/wp-content\/uploads\/2025\/10\/copertina_04-1568x980.webp",1568,980,true]},"uagb_author_info":{"display_name":"ArtecoGroup","author_link":"https:\/\/www.artecogroup.com\/fr\/author\/artecogroup\/"},"uagb_comment_info":0,"uagb_excerpt":null,"_links":{"self":[{"href":"https:\/\/www.artecogroup.com\/fr\/wp-json\/wp\/v2\/product\/4779","targetHints":{"allow":["GET"]}}],"collection":[{"href":"https:\/\/www.artecogroup.com\/fr\/wp-json\/wp\/v2\/product"}],"about":[{"href":"https:\/\/www.artecogroup.com\/fr\/wp-json\/wp\/v2\/types\/product"}],"author":[{"embeddable":true,"href":"https:\/\/www.artecogroup.com\/fr\/wp-json\/wp\/v2\/users\/2"}],"version-history":[{"count":2,"href":"https:\/\/www.artecogroup.com\/fr\/wp-json\/wp\/v2\/product\/4779\/revisions"}],"predecessor-version":[{"id":4784,"href":"https:\/\/www.artecogroup.com\/fr\/wp-json\/wp\/v2\/product\/4779\/revisions\/4784"}],"wp:featuredmedia":[{"embeddable":true,"href":"https:\/\/www.artecogroup.com\/fr\/wp-json\/wp\/v2\/media\/4774"}],"wp:attachment":[{"href":"https:\/\/www.artecogroup.com\/fr\/wp-json\/wp\/v2\/media?parent=4779"}],"wp:term":[{"taxonomy":"collections","embeddable":true,"href":"https:\/\/www.artecogroup.com\/fr\/wp-json\/wp\/v2\/collections?post=4779"},{"taxonomy":"product-categories","embeddable":true,"href":"https:\/\/www.artecogroup.com\/fr\/wp-json\/wp\/v2\/product-categories?post=4779"}],"curies":[{"name":"wp","href":"https:\/\/api.w.org\/{rel}","templated":true}]}}